{"id":495,"date":"2025-03-18T21:21:55","date_gmt":"2025-03-18T21:21:55","guid":{"rendered":"https:\/\/gattiasoc.com.ar\/?page_id=495"},"modified":"2026-03-10T20:53:50","modified_gmt":"2026-03-10T20:53:50","slug":"protezione-delle-app","status":"publish","type":"page","link":"https:\/\/gattiasoc.com.ar\/it\/propiedad-intelectual\/proteccion-de-apps\/","title":{"rendered":"Protezione dei APP"},"content":{"rendered":"<div data-elementor-type=\"wp-page\" data-elementor-id=\"495\" class=\"elementor elementor-495\">\n\t\t\t\t<div class=\"elementor-element elementor-element-bd6b1b8 e-flex e-con-boxed e-con e-parent\" data-id=\"bd6b1b8\" data-element_type=\"container\" data-e-type=\"container\" data-settings=\"{&quot;background_background&quot;:&quot;classic&quot;}\">\n\t\t\t\t\t<div class=\"e-con-inner\">\n\t\t<div class=\"elementor-element elementor-element-f7b8014 e-con-full e-flex e-con e-child\" data-id=\"f7b8014\" data-element_type=\"container\" data-e-type=\"container\">\n\t\t\t\t<div class=\"elementor-element elementor-element-52b7f5a elementor-invisible elementor-widget elementor-widget-heading\" data-id=\"52b7f5a\" data-element_type=\"widget\" data-e-type=\"widget\" data-settings=\"{&quot;_animation&quot;:&quot;fadeInLeft&quot;}\" data-widget_type=\"heading.default\">\n\t\t\t\t<div class=\"elementor-widget-container\">\n\t\t\t\t\t<h1 class=\"elementor-heading-title elementor-size-default\">Propriet\u00e0 intellettuale<\/h1>\t\t\t\t<\/div>\n\t\t\t\t<\/div>\n\t\t\t\t<\/div>\n\t\t\t\t\t<\/div>\n\t\t\t\t<\/div>\n\t\t<div class=\"elementor-element elementor-element-b874e6a e-flex e-con-boxed e-con e-parent\" data-id=\"b874e6a\" data-element_type=\"container\" data-e-type=\"container\">\n\t\t\t\t\t<div class=\"e-con-inner\">\n\t\t<div class=\"elementor-element elementor-element-5b82646 e-con-full e-flex e-con e-child\" data-id=\"5b82646\" data-element_type=\"container\" data-e-type=\"container\">\n\t\t\t\t<div class=\"elementor-element elementor-element-c1411e4 elementor-widget elementor-widget-heading\" data-id=\"c1411e4\" data-element_type=\"widget\" data-e-type=\"widget\" data-widget_type=\"heading.default\">\n\t\t\t\t<div class=\"elementor-widget-container\">\n\t\t\t\t\t<h2 class=\"elementor-heading-title elementor-size-default\">Protezione dei APP<\/h2>\t\t\t\t<\/div>\n\t\t\t\t<\/div>\n\t\t\t\t<div class=\"elementor-element elementor-element-321d475 elementor-widget-divider--view-line elementor-widget elementor-widget-divider\" data-id=\"321d475\" data-element_type=\"widget\" data-e-type=\"widget\" data-widget_type=\"divider.default\">\n\t\t\t\t<div class=\"elementor-widget-container\">\n\t\t\t\t\t\t\t<div class=\"elementor-divider\">\n\t\t\t<span class=\"elementor-divider-separator\">\n\t\t\t\t\t\t<\/span>\n\t\t<\/div>\n\t\t\t\t\t\t<\/div>\n\t\t\t\t<\/div>\n\t\t\t\t<div class=\"elementor-element elementor-element-b15b388 elementor-widget elementor-widget-text-editor\" data-id=\"b15b388\" data-element_type=\"widget\" data-e-type=\"widget\" data-widget_type=\"text-editor.default\">\n\t\t\t\t<div class=\"elementor-widget-container\">\n\t\t\t\t\t\t\t\t\t<p>La registrazione del software e la protezione intellettuale dei programmi per computer, sia nella loro versione sorgente che in quella oggetto, sono coperte dalla legge\u00a0<a href=\"http:\/\/www.wipo.int\/wipolex\/es\/text.jsp?file_id=188424\" target=\"_blank\" rel=\"noopener\">Legge 11.723<\/a>\u00a0Questo implica ovviamente che il software \u00e8 coperto dalla legge sulla propriet\u00e0 intellettuale. Ci\u00f2 implica ovviamente che il diritto di propriet\u00e0 intellettuale si applica al software. Possono essere registrati anche i seguenti elementi\u00a0<a href=\"http:\/\/gattiasoc.com.ar\/it\/brevetti-e-modelli\/contratti-di-licenza\/\">contratti di licenza d'uso<\/a>.<\/p><p>La Legge sulla Propriet\u00e0 Intellettuale 11.723 prevede che \u201cla mancanza di registrazione comporta la sospensione dei diritti dell'autore fino al momento in cui egli registra l'opera, recuperando tali diritti nell'atto stesso della registrazione, per i termini e le condizioni corrispondenti, senza pregiudicare la validit\u00e0 delle riproduzioni, delle edizioni, delle esecuzioni e di qualsiasi altra pubblicazione effettuata durante il periodo in cui l'opera non \u00e8 stata registrata\u201d.<\/p><p>D'altra parte, va notato che in Paesi come gli Stati Uniti \u00e8 possibile proteggere le invenzioni software come brevetti.<\/p><p>Pertanto, in ogni caso specifico e in vista dell'espansione globale di questi programmi, sar\u00e0 necessaria una strategia speciale, un servizio che il nostro studio fornisce con comprovata esperienza ed efficienza.<\/p>\t\t\t\t\t\t\t\t<\/div>\n\t\t\t\t<\/div>\n\t\t\t\t<\/div>\n\t\t<div class=\"elementor-element elementor-element-331725c e-con-full e-flex e-con e-child\" data-id=\"331725c\" data-element_type=\"container\" data-e-type=\"container\">\n\t\t\t\t<div class=\"elementor-element elementor-element-4d44e10 elementor-widget__width-initial elementor-widget elementor-widget-image\" data-id=\"4d44e10\" data-element_type=\"widget\" data-e-type=\"widget\" data-widget_type=\"image.default\">\n\t\t\t\t<div class=\"elementor-widget-container\">\n\t\t\t\t\t\t\t\t\t\t\t\t<figure class=\"wp-caption\">\n\t\t\t\t\t\t\t\t\t\t<img fetchpriority=\"high\" decoding=\"async\" width=\"404\" height=\"285\" src=\"https:\/\/gattiasoc.com.ar\/wp-content\/uploads\/2025\/03\/apps.jpg\" class=\"attachment-large size-large wp-image-671\" alt=\"Protezione delle APPS\" srcset=\"https:\/\/gattiasoc.com.ar\/wp-content\/uploads\/2025\/03\/apps.jpg 404w, https:\/\/gattiasoc.com.ar\/wp-content\/uploads\/2025\/03\/apps-300x212.jpg 300w\" sizes=\"(max-width: 404px) 100vw, 404px\" \/>\t\t\t\t\t\t\t\t\t\t\t<figcaption class=\"widget-image-caption wp-caption-text\">Protezione delle APPS<\/figcaption>\n\t\t\t\t\t\t\t\t\t\t<\/figure>\n\t\t\t\t\t\t\t\t\t<\/div>\n\t\t\t\t<\/div>\n\t\t<div class=\"elementor-element elementor-element-74a567e e-con-full e-flex e-con e-child\" data-id=\"74a567e\" data-element_type=\"container\" data-e-type=\"container\" data-settings=\"{&quot;background_background&quot;:&quot;classic&quot;}\">\n\t\t\t\t<div class=\"elementor-element elementor-element-72e46be elementor-widget elementor-widget-heading\" data-id=\"72e46be\" data-element_type=\"widget\" data-e-type=\"widget\" data-widget_type=\"heading.default\">\n\t\t\t\t<div class=\"elementor-widget-container\">\n\t\t\t\t\t<h3 class=\"elementor-heading-title elementor-size-default\">Servizi<\/h3>\t\t\t\t<\/div>\n\t\t\t\t<\/div>\n\t\t\t\t<div class=\"elementor-element elementor-element-9be0b6d elementor-icon-list--layout-traditional elementor-list-item-link-full_width elementor-widget elementor-widget-icon-list\" data-id=\"9be0b6d\" data-element_type=\"widget\" data-e-type=\"widget\" data-widget_type=\"icon-list.default\">\n\t\t\t\t<div class=\"elementor-widget-container\">\n\t\t\t\t\t\t\t<ul class=\"elementor-icon-list-items\">\n\t\t\t\t\t\t\t<li class=\"elementor-icon-list-item\">\n\t\t\t\t\t\t\t\t\t\t\t<a href=\"\/it\/proprieta-intellettuale\/registrazione-del-copyright\/\">\n\n\t\t\t\t\t\t\t\t\t\t\t\t<span class=\"elementor-icon-list-icon\">\n\t\t\t\t\t\t\t<svg aria-hidden=\"true\" class=\"e-font-icon-svg e-fas-check\" viewbox=\"0 0 512 512\" xmlns=\"http:\/\/www.w3.org\/2000\/svg\"><path d=\"M173.898 439.404l-166.4-166.4c-9.997-9.997-9.997-26.206 0-36.204l36.203-36.204c9.997-9.998 26.207-9.998 36.204 0L192 312.69 432.095 72.596c9.997-9.997 26.207-9.997 36.204 0l36.203 36.204c9.997 9.997 9.997 26.206 0 36.204l-294.4 294.401c-9.998 9.997-26.207 9.997-36.204-.001z\"><\/path><\/svg>\t\t\t\t\t\t<\/span>\n\t\t\t\t\t\t\t\t\t\t<span class=\"elementor-icon-list-text\">Registro della propriet\u00e0 intellettuale<\/span>\n\t\t\t\t\t\t\t\t\t\t\t<\/a>\n\t\t\t\t\t\t\t\t\t<\/li>\n\t\t\t\t\t\t\t\t<li class=\"elementor-icon-list-item\">\n\t\t\t\t\t\t\t\t\t\t\t<a href=\"\/it\/proprieta-intellettuale\/nomi-di-dominio\/\">\n\n\t\t\t\t\t\t\t\t\t\t\t\t<span class=\"elementor-icon-list-icon\">\n\t\t\t\t\t\t\t<svg aria-hidden=\"true\" class=\"e-font-icon-svg e-fas-check\" viewbox=\"0 0 512 512\" xmlns=\"http:\/\/www.w3.org\/2000\/svg\"><path d=\"M173.898 439.404l-166.4-166.4c-9.997-9.997-9.997-26.206 0-36.204l36.203-36.204c9.997-9.998 26.207-9.998 36.204 0L192 312.69 432.095 72.596c9.997-9.997 26.207-9.997 36.204 0l36.203 36.204c9.997 9.997 9.997 26.206 0 36.204l-294.4 294.401c-9.998 9.997-26.207 9.997-36.204-.001z\"><\/path><\/svg>\t\t\t\t\t\t<\/span>\n\t\t\t\t\t\t\t\t\t\t<span class=\"elementor-icon-list-text\">Nomi di dominio<\/span>\n\t\t\t\t\t\t\t\t\t\t\t<\/a>\n\t\t\t\t\t\t\t\t\t<\/li>\n\t\t\t\t\t\t\t\t<li class=\"elementor-icon-list-item\">\n\t\t\t\t\t\t\t\t\t\t\t<a href=\"\/it\/proprieta-intellettuale\/protezione-delle-app\/\">\n\n\t\t\t\t\t\t\t\t\t\t\t\t<span class=\"elementor-icon-list-icon\">\n\t\t\t\t\t\t\t<svg aria-hidden=\"true\" class=\"e-font-icon-svg e-fas-check\" viewbox=\"0 0 512 512\" xmlns=\"http:\/\/www.w3.org\/2000\/svg\"><path d=\"M173.898 439.404l-166.4-166.4c-9.997-9.997-9.997-26.206 0-36.204l36.203-36.204c9.997-9.998 26.207-9.998 36.204 0L192 312.69 432.095 72.596c9.997-9.997 26.207-9.997 36.204 0l36.203 36.204c9.997 9.997 9.997 26.206 0 36.204l-294.4 294.401c-9.998 9.997-26.207 9.997-36.204-.001z\"><\/path><\/svg>\t\t\t\t\t\t<\/span>\n\t\t\t\t\t\t\t\t\t\t<span class=\"elementor-icon-list-text\">Protezione dei APP<\/span>\n\t\t\t\t\t\t\t\t\t\t\t<\/a>\n\t\t\t\t\t\t\t\t\t<\/li>\n\t\t\t\t\t\t\t\t<li class=\"elementor-icon-list-item\">\n\t\t\t\t\t\t\t\t\t\t\t<a href=\"\/it\/proprieta-intellettuale\/codice-bar\/\">\n\n\t\t\t\t\t\t\t\t\t\t\t\t<span class=\"elementor-icon-list-icon\">\n\t\t\t\t\t\t\t<svg aria-hidden=\"true\" class=\"e-font-icon-svg e-fas-check\" viewbox=\"0 0 512 512\" xmlns=\"http:\/\/www.w3.org\/2000\/svg\"><path d=\"M173.898 439.404l-166.4-166.4c-9.997-9.997-9.997-26.206 0-36.204l36.203-36.204c9.997-9.998 26.207-9.998 36.204 0L192 312.69 432.095 72.596c9.997-9.997 26.207-9.997 36.204 0l36.203 36.204c9.997 9.997 9.997 26.206 0 36.204l-294.4 294.401c-9.998 9.997-26.207 9.997-36.204-.001z\"><\/path><\/svg>\t\t\t\t\t\t<\/span>\n\t\t\t\t\t\t\t\t\t\t<span class=\"elementor-icon-list-text\">Codici a barre<\/span>\n\t\t\t\t\t\t\t\t\t\t\t<\/a>\n\t\t\t\t\t\t\t\t\t<\/li>\n\t\t\t\t\t\t<\/ul>\n\t\t\t\t\t\t<\/div>\n\t\t\t\t<\/div>\n\t\t\t\t<\/div>\n\t\t\t\t<\/div>\n\t\t\t\t\t<\/div>\n\t\t\t\t<\/div>\n\t\t\t\t<\/div>","protected":false},"excerpt":{"rendered":"<p>Propiedad Intelectual Protecci\u00f3n de APPs El registro de software y la protecci\u00f3n intelectual de los programas de computaci\u00f3n, en sus [&hellip;]<\/p>\n","protected":false},"author":2,"featured_media":0,"parent":333,"menu_order":0,"comment_status":"closed","ping_status":"closed","template":"","meta":{"site-sidebar-layout":"no-sidebar","site-content-layout":"","ast-site-content-layout":"full-width-container","site-content-style":"default","site-sidebar-style":"default","ast-global-header-display":"","ast-banner-title-visibility":"","ast-main-header-display":"","ast-hfb-above-header-display":"","ast-hfb-below-header-display":"","ast-hfb-mobile-header-display":"","site-post-title":"disabled","ast-breadcrumbs-content":"","ast-featured-img":"disabled","footer-sml-layout":"","ast-disable-related-posts":"","theme-transparent-header-meta":"","adv-header-id-meta":"","stick-header-meta":"","header-above-stick-meta":"","header-main-stick-meta":"","header-below-stick-meta":"","astra-migrate-meta-layouts":"default","ast-page-background-enabled":"default","ast-page-background-meta":{"desktop":{"background-color":"var(--ast-global-color-5)","background-image":"","background-repeat":"repeat","background-position":"center center","background-size":"auto","background-attachment":"scroll","background-type":"","background-media":"","overlay-type":"","overlay-color":"","overlay-opacity":"","overlay-gradient":""},"tablet":{"background-color":"","background-image":"","background-repeat":"repeat","background-position":"center center","background-size":"auto","background-attachment":"scroll","background-type":"","background-media":"","overlay-type":"","overlay-color":"","overlay-opacity":"","overlay-gradient":""},"mobile":{"background-color":"","background-image":"","background-repeat":"repeat","background-position":"center center","background-size":"auto","background-attachment":"scroll","background-type":"","background-media":"","overlay-type":"","overlay-color":"","overlay-opacity":"","overlay-gradient":""}},"ast-content-background-meta":{"desktop":{"background-color":"var(--ast-global-color-4)","background-image":"","background-repeat":"repeat","background-position":"center center","background-size":"auto","background-attachment":"scroll","background-type":"","background-media":"","overlay-type":"","overlay-color":"","overlay-opacity":"","overlay-gradient":""},"tablet":{"background-color":"var(--ast-global-color-4)","background-image":"","background-repeat":"repeat","background-position":"center center","background-size":"auto","background-attachment":"scroll","background-type":"","background-media":"","overlay-type":"","overlay-color":"","overlay-opacity":"","overlay-gradient":""},"mobile":{"background-color":"var(--ast-global-color-4)","background-image":"","background-repeat":"repeat","background-position":"center center","background-size":"auto","background-attachment":"scroll","background-type":"","background-media":"","overlay-type":"","overlay-color":"","overlay-opacity":"","overlay-gradient":""}},"_joinchat":[],"footnotes":""},"class_list":["post-495","page","type-page","status-publish","hentry"],"yoast_head":"<!-- This site is optimized with the Yoast SEO plugin v27.3 - https:\/\/yoast.com\/product\/yoast-seo-wordpress\/ -->\n<title>Protecci\u00f3n de APPs - Gatti &amp; Asociados<\/title>\n<meta name=\"robots\" content=\"index, follow, max-snippet:-1, max-image-preview:large, max-video-preview:-1\" \/>\n<link rel=\"canonical\" href=\"https:\/\/gattiasoc.com.ar\/it\/proprieta-intellettuale\/protezione-delle-app\/\" \/>\n<meta property=\"og:locale\" content=\"it_IT\" \/>\n<meta property=\"og:type\" content=\"article\" \/>\n<meta property=\"og:title\" content=\"Protecci\u00f3n de APPs - Gatti &amp; Asociados\" \/>\n<meta property=\"og:description\" content=\"Propiedad Intelectual Protecci\u00f3n de APPs El registro de software y la protecci\u00f3n intelectual de los programas de computaci\u00f3n, en sus [&hellip;]\" \/>\n<meta property=\"og:url\" content=\"https:\/\/gattiasoc.com.ar\/it\/proprieta-intellettuale\/protezione-delle-app\/\" \/>\n<meta property=\"og:site_name\" content=\"Gatti &amp; Asociados\" \/>\n<meta property=\"article:modified_time\" content=\"2026-03-10T20:53:50+00:00\" \/>\n<meta property=\"og:image\" content=\"https:\/\/gattiasoc.com.ar\/wp-content\/uploads\/2025\/03\/apps.jpg\" \/>\n\t<meta property=\"og:image:width\" content=\"404\" \/>\n\t<meta property=\"og:image:height\" content=\"285\" \/>\n\t<meta property=\"og:image:type\" content=\"image\/jpeg\" \/>\n<meta name=\"twitter:card\" content=\"summary_large_image\" \/>\n<meta name=\"twitter:label1\" content=\"Tempo di lettura stimato\" \/>\n\t<meta name=\"twitter:data1\" content=\"2 minuti\" \/>\n<script type=\"application\/ld+json\" class=\"yoast-schema-graph\">{\"@context\":\"https:\\\/\\\/schema.org\",\"@graph\":[{\"@type\":\"WebPage\",\"@id\":\"https:\\\/\\\/gattiasoc.com.ar\\\/propiedad-intelectual\\\/proteccion-de-apps\\\/\",\"url\":\"https:\\\/\\\/gattiasoc.com.ar\\\/propiedad-intelectual\\\/proteccion-de-apps\\\/\",\"name\":\"Protecci\u00f3n de APPs - Gatti &amp; Asociados\",\"isPartOf\":{\"@id\":\"https:\\\/\\\/gattiasoc.com.ar\\\/#website\"},\"primaryImageOfPage\":{\"@id\":\"https:\\\/\\\/gattiasoc.com.ar\\\/propiedad-intelectual\\\/proteccion-de-apps\\\/#primaryimage\"},\"image\":{\"@id\":\"https:\\\/\\\/gattiasoc.com.ar\\\/propiedad-intelectual\\\/proteccion-de-apps\\\/#primaryimage\"},\"thumbnailUrl\":\"https:\\\/\\\/gattiasoc.com.ar\\\/wp-content\\\/uploads\\\/2025\\\/03\\\/apps.jpg\",\"datePublished\":\"2025-03-18T21:21:55+00:00\",\"dateModified\":\"2026-03-10T20:53:50+00:00\",\"breadcrumb\":{\"@id\":\"https:\\\/\\\/gattiasoc.com.ar\\\/propiedad-intelectual\\\/proteccion-de-apps\\\/#breadcrumb\"},\"inLanguage\":\"it-IT\",\"potentialAction\":[{\"@type\":\"ReadAction\",\"target\":[\"https:\\\/\\\/gattiasoc.com.ar\\\/propiedad-intelectual\\\/proteccion-de-apps\\\/\"]}]},{\"@type\":\"ImageObject\",\"inLanguage\":\"it-IT\",\"@id\":\"https:\\\/\\\/gattiasoc.com.ar\\\/propiedad-intelectual\\\/proteccion-de-apps\\\/#primaryimage\",\"url\":\"https:\\\/\\\/gattiasoc.com.ar\\\/wp-content\\\/uploads\\\/2025\\\/03\\\/apps.jpg\",\"contentUrl\":\"https:\\\/\\\/gattiasoc.com.ar\\\/wp-content\\\/uploads\\\/2025\\\/03\\\/apps.jpg\"},{\"@type\":\"BreadcrumbList\",\"@id\":\"https:\\\/\\\/gattiasoc.com.ar\\\/propiedad-intelectual\\\/proteccion-de-apps\\\/#breadcrumb\",\"itemListElement\":[{\"@type\":\"ListItem\",\"position\":1,\"name\":\"Portada\",\"item\":\"https:\\\/\\\/gattiasoc.com.ar\\\/\"},{\"@type\":\"ListItem\",\"position\":2,\"name\":\"Propiedad Intelectual\",\"item\":\"https:\\\/\\\/gattiasoc.com.ar\\\/propiedad-intelectual\\\/\"},{\"@type\":\"ListItem\",\"position\":3,\"name\":\"Protecci\u00f3n de APPs\"}]},{\"@type\":\"WebSite\",\"@id\":\"https:\\\/\\\/gattiasoc.com.ar\\\/#website\",\"url\":\"https:\\\/\\\/gattiasoc.com.ar\\\/\",\"name\":\"Gatti & Asociados\",\"description\":\"Marcas y Patentes\",\"publisher\":{\"@id\":\"https:\\\/\\\/gattiasoc.com.ar\\\/#organization\"},\"potentialAction\":[{\"@type\":\"SearchAction\",\"target\":{\"@type\":\"EntryPoint\",\"urlTemplate\":\"https:\\\/\\\/gattiasoc.com.ar\\\/?s={search_term_string}\"},\"query-input\":{\"@type\":\"PropertyValueSpecification\",\"valueRequired\":true,\"valueName\":\"search_term_string\"}}],\"inLanguage\":\"it-IT\"},{\"@type\":\"Organization\",\"@id\":\"https:\\\/\\\/gattiasoc.com.ar\\\/#organization\",\"name\":\"Gatti & Asociados\",\"url\":\"https:\\\/\\\/gattiasoc.com.ar\\\/\",\"logo\":{\"@type\":\"ImageObject\",\"inLanguage\":\"it-IT\",\"@id\":\"https:\\\/\\\/gattiasoc.com.ar\\\/#\\\/schema\\\/logo\\\/image\\\/\",\"url\":\"https:\\\/\\\/gattiasoc.com.ar\\\/wp-content\\\/uploads\\\/2025\\\/03\\\/logo-gatti-1.png\",\"contentUrl\":\"https:\\\/\\\/gattiasoc.com.ar\\\/wp-content\\\/uploads\\\/2025\\\/03\\\/logo-gatti-1.png\",\"width\":226,\"height\":112,\"caption\":\"Gatti & Asociados\"},\"image\":{\"@id\":\"https:\\\/\\\/gattiasoc.com.ar\\\/#\\\/schema\\\/logo\\\/image\\\/\"},\"sameAs\":[\"https:\\\/\\\/www.linkedin.com\\\/company\\\/gatti-marcas-y-patentes\\\/?trk=biz-companies-cym\"]}]}<\/script>\n<!-- \/ Yoast SEO plugin. -->","yoast_head_json":{"title":"Protezione dei PPP - Gatti &amp; Asociados","robots":{"index":"index","follow":"follow","max-snippet":"max-snippet:-1","max-image-preview":"max-image-preview:large","max-video-preview":"max-video-preview:-1"},"canonical":"https:\/\/gattiasoc.com.ar\/it\/proprieta-intellettuale\/protezione-delle-app\/","og_locale":"it_IT","og_type":"article","og_title":"Protecci\u00f3n de APPs - Gatti &amp; Asociados","og_description":"Propiedad Intelectual Protecci\u00f3n de APPs El registro de software y la protecci\u00f3n intelectual de los programas de computaci\u00f3n, en sus [&hellip;]","og_url":"https:\/\/gattiasoc.com.ar\/it\/proprieta-intellettuale\/protezione-delle-app\/","og_site_name":"Gatti &amp; Asociados","article_modified_time":"2026-03-10T20:53:50+00:00","og_image":[{"width":404,"height":285,"url":"https:\/\/gattiasoc.com.ar\/wp-content\/uploads\/2025\/03\/apps.jpg","type":"image\/jpeg"}],"twitter_card":"summary_large_image","twitter_misc":{"Tempo di lettura stimato":"2 minuti"},"schema":{"@context":"https:\/\/schema.org","@graph":[{"@type":"WebPage","@id":"https:\/\/gattiasoc.com.ar\/propiedad-intelectual\/proteccion-de-apps\/","url":"https:\/\/gattiasoc.com.ar\/propiedad-intelectual\/proteccion-de-apps\/","name":"Protezione dei PPP - Gatti &amp; Asociados","isPartOf":{"@id":"https:\/\/gattiasoc.com.ar\/#website"},"primaryImageOfPage":{"@id":"https:\/\/gattiasoc.com.ar\/propiedad-intelectual\/proteccion-de-apps\/#primaryimage"},"image":{"@id":"https:\/\/gattiasoc.com.ar\/propiedad-intelectual\/proteccion-de-apps\/#primaryimage"},"thumbnailUrl":"https:\/\/gattiasoc.com.ar\/wp-content\/uploads\/2025\/03\/apps.jpg","datePublished":"2025-03-18T21:21:55+00:00","dateModified":"2026-03-10T20:53:50+00:00","breadcrumb":{"@id":"https:\/\/gattiasoc.com.ar\/propiedad-intelectual\/proteccion-de-apps\/#breadcrumb"},"inLanguage":"it-IT","potentialAction":[{"@type":"ReadAction","target":["https:\/\/gattiasoc.com.ar\/propiedad-intelectual\/proteccion-de-apps\/"]}]},{"@type":"ImageObject","inLanguage":"it-IT","@id":"https:\/\/gattiasoc.com.ar\/propiedad-intelectual\/proteccion-de-apps\/#primaryimage","url":"https:\/\/gattiasoc.com.ar\/wp-content\/uploads\/2025\/03\/apps.jpg","contentUrl":"https:\/\/gattiasoc.com.ar\/wp-content\/uploads\/2025\/03\/apps.jpg"},{"@type":"BreadcrumbList","@id":"https:\/\/gattiasoc.com.ar\/propiedad-intelectual\/proteccion-de-apps\/#breadcrumb","itemListElement":[{"@type":"ListItem","position":1,"name":"Portada","item":"https:\/\/gattiasoc.com.ar\/"},{"@type":"ListItem","position":2,"name":"Propiedad Intelectual","item":"https:\/\/gattiasoc.com.ar\/propiedad-intelectual\/"},{"@type":"ListItem","position":3,"name":"Protecci\u00f3n de APPs"}]},{"@type":"WebSite","@id":"https:\/\/gattiasoc.com.ar\/#website","url":"https:\/\/gattiasoc.com.ar\/","name":"Gatti &amp; Associati","description":"Marchi e brevetti","publisher":{"@id":"https:\/\/gattiasoc.com.ar\/#organization"},"potentialAction":[{"@type":"SearchAction","target":{"@type":"EntryPoint","urlTemplate":"https:\/\/gattiasoc.com.ar\/?s={search_term_string}"},"query-input":{"@type":"PropertyValueSpecification","valueRequired":true,"valueName":"search_term_string"}}],"inLanguage":"it-IT"},{"@type":"Organization","@id":"https:\/\/gattiasoc.com.ar\/#organization","name":"Gatti &amp; Associati","url":"https:\/\/gattiasoc.com.ar\/","logo":{"@type":"ImageObject","inLanguage":"it-IT","@id":"https:\/\/gattiasoc.com.ar\/#\/schema\/logo\/image\/","url":"https:\/\/gattiasoc.com.ar\/wp-content\/uploads\/2025\/03\/logo-gatti-1.png","contentUrl":"https:\/\/gattiasoc.com.ar\/wp-content\/uploads\/2025\/03\/logo-gatti-1.png","width":226,"height":112,"caption":"Gatti & Asociados"},"image":{"@id":"https:\/\/gattiasoc.com.ar\/#\/schema\/logo\/image\/"},"sameAs":["https:\/\/www.linkedin.com\/company\/gatti-marcas-y-patentes\/?trk=biz-companies-cym"]}]}},"_links":{"self":[{"href":"https:\/\/gattiasoc.com.ar\/it\/wp-json\/wp\/v2\/pages\/495","targetHints":{"allow":["GET"]}}],"collection":[{"href":"https:\/\/gattiasoc.com.ar\/it\/wp-json\/wp\/v2\/pages"}],"about":[{"href":"https:\/\/gattiasoc.com.ar\/it\/wp-json\/wp\/v2\/types\/page"}],"author":[{"embeddable":true,"href":"https:\/\/gattiasoc.com.ar\/it\/wp-json\/wp\/v2\/users\/2"}],"replies":[{"embeddable":true,"href":"https:\/\/gattiasoc.com.ar\/it\/wp-json\/wp\/v2\/comments?post=495"}],"version-history":[{"count":19,"href":"https:\/\/gattiasoc.com.ar\/it\/wp-json\/wp\/v2\/pages\/495\/revisions"}],"predecessor-version":[{"id":1779,"href":"https:\/\/gattiasoc.com.ar\/it\/wp-json\/wp\/v2\/pages\/495\/revisions\/1779"}],"up":[{"embeddable":true,"href":"https:\/\/gattiasoc.com.ar\/it\/wp-json\/wp\/v2\/pages\/333"}],"wp:attachment":[{"href":"https:\/\/gattiasoc.com.ar\/it\/wp-json\/wp\/v2\/media?parent=495"}],"curies":[{"name":"wp","href":"https:\/\/api.w.org\/{rel}","templated":true}]}}