{"id":1134,"date":"2026-03-07T23:23:54","date_gmt":"2026-03-07T23:23:54","guid":{"rendered":"https:\/\/gattiasoc.com.ar\/?page_id=1134"},"modified":"2026-03-07T23:25:22","modified_gmt":"2026-03-07T23:25:22","slug":"politicas-de-privacidad","status":"publish","type":"page","link":"https:\/\/gattiasoc.com.ar\/pt\/politicas-de-privacidad\/","title":{"rendered":"Pol\u00edtica de privacidade"},"content":{"rendered":"<div data-elementor-type=\"wp-page\" data-elementor-id=\"1134\" class=\"elementor elementor-1134\">\n\t\t\t\t<div class=\"elementor-element elementor-element-aa9ff13 e-flex e-con-boxed e-con e-parent\" data-id=\"aa9ff13\" data-element_type=\"container\" data-e-type=\"container\" data-settings=\"{&quot;background_background&quot;:&quot;classic&quot;}\">\n\t\t\t\t\t<div class=\"e-con-inner\">\n\t\t<div class=\"elementor-element elementor-element-7213d4d e-con-full e-flex e-con e-child\" data-id=\"7213d4d\" data-element_type=\"container\" data-e-type=\"container\">\n\t\t\t\t<div class=\"elementor-element elementor-element-1413fe1 elementor-invisible elementor-widget elementor-widget-heading\" data-id=\"1413fe1\" data-element_type=\"widget\" data-e-type=\"widget\" data-settings=\"{&quot;_animation&quot;:&quot;fadeInLeft&quot;}\" data-widget_type=\"heading.default\">\n\t\t\t\t<div class=\"elementor-widget-container\">\n\t\t\t\t\t<h1 class=\"elementor-heading-title elementor-size-default\">Pol\u00edtica de Privacidad<\/h1>\t\t\t\t<\/div>\n\t\t\t\t<\/div>\n\t\t\t\t<\/div>\n\t\t\t\t\t<\/div>\n\t\t\t\t<\/div>\n\t\t<div class=\"elementor-element elementor-element-b874e6a e-flex e-con-boxed e-con e-parent\" data-id=\"b874e6a\" data-element_type=\"container\" data-e-type=\"container\">\n\t\t\t\t\t<div class=\"e-con-inner\">\n\t\t<div class=\"elementor-element elementor-element-5b82646 e-con-full e-flex e-con e-child\" data-id=\"5b82646\" data-element_type=\"container\" data-e-type=\"container\">\n\t\t<div class=\"elementor-element elementor-element-8437788 e-con-full e-flex e-con e-child\" data-id=\"8437788\" data-element_type=\"container\" data-e-type=\"container\">\n\t\t\t\t<div class=\"elementor-element elementor-element-b15b388 elementor-widget elementor-widget-text-editor\" data-id=\"b15b388\" data-element_type=\"widget\" data-e-type=\"widget\" data-widget_type=\"text-editor.default\">\n\t\t\t\t<div class=\"elementor-widget-container\">\n\t\t\t\t\t\t\t\t\t<p>Gatti entiende que la seguridad de los datos de nuestros clientes es de vital importancia y privacidad.<\/p><p>Por este motivo, adopt\u00f3 altos niveles de seguridad de protecci\u00f3n de los Datos Personales legalmente requeridos y dispone de todos los medios y medidas t\u00e9cnicas a su alcance para evitar la p\u00e9rdida, mal uso, alteraci\u00f3n, acceso no autorizado y robo de los Datos Personales en Internet.<\/p>\t\t\t\t\t\t\t\t<\/div>\n\t\t\t\t<\/div>\n\t\t\t\t<\/div>\n\t\t\t\t<\/div>\n\t\t<div class=\"elementor-element elementor-element-331725c e-con-full e-flex e-con e-child\" data-id=\"331725c\" data-element_type=\"container\" data-e-type=\"container\">\n\t\t\t\t<\/div>\n\t\t\t\t\t<\/div>\n\t\t\t\t<\/div>\n\t\t<div class=\"elementor-element elementor-element-47c2ec7 e-flex e-con-boxed e-con e-parent\" data-id=\"47c2ec7\" data-element_type=\"container\" data-e-type=\"container\">\n\t\t\t\t\t<div class=\"e-con-inner\">\n\t\t\t\t\t<\/div>\n\t\t\t\t<\/div>\n\t\t\t\t<\/div>","protected":false},"excerpt":{"rendered":"<p>Pol\u00edtica de Privacidad Gatti entiende que la seguridad de los datos de nuestros clientes es de vital importancia y privacidad. [&hellip;]<\/p>\n","protected":false},"author":2,"featured_media":0,"parent":0,"menu_order":0,"comment_status":"closed","ping_status":"closed","template":"","meta":{"site-sidebar-layout":"no-sidebar","site-content-layout":"","ast-site-content-layout":"full-width-container","site-content-style":"default","site-sidebar-style":"default","ast-global-header-display":"","ast-banner-title-visibility":"","ast-main-header-display":"","ast-hfb-above-header-display":"","ast-hfb-below-header-display":"","ast-hfb-mobile-header-display":"","site-post-title":"disabled","ast-breadcrumbs-content":"","ast-featured-img":"disabled","footer-sml-layout":"","ast-disable-related-posts":"","theme-transparent-header-meta":"","adv-header-id-meta":"","stick-header-meta":"","header-above-stick-meta":"","header-main-stick-meta":"","header-below-stick-meta":"","astra-migrate-meta-layouts":"default","ast-page-background-enabled":"default","ast-page-background-meta":{"desktop":{"background-color":"var(--ast-global-color-5)","background-image":"","background-repeat":"repeat","background-position":"center center","background-size":"auto","background-attachment":"scroll","background-type":"","background-media":"","overlay-type":"","overlay-color":"","overlay-opacity":"","overlay-gradient":""},"tablet":{"background-color":"","background-image":"","background-repeat":"repeat","background-position":"center center","background-size":"auto","background-attachment":"scroll","background-type":"","background-media":"","overlay-type":"","overlay-color":"","overlay-opacity":"","overlay-gradient":""},"mobile":{"background-color":"","background-image":"","background-repeat":"repeat","background-position":"center center","background-size":"auto","background-attachment":"scroll","background-type":"","background-media":"","overlay-type":"","overlay-color":"","overlay-opacity":"","overlay-gradient":""}},"ast-content-background-meta":{"desktop":{"background-color":"var(--ast-global-color-4)","background-image":"","background-repeat":"repeat","background-position":"center center","background-size":"auto","background-attachment":"scroll","background-type":"","background-media":"","overlay-type":"","overlay-color":"","overlay-opacity":"","overlay-gradient":""},"tablet":{"background-color":"var(--ast-global-color-4)","background-image":"","background-repeat":"repeat","background-position":"center center","background-size":"auto","background-attachment":"scroll","background-type":"","background-media":"","overlay-type":"","overlay-color":"","overlay-opacity":"","overlay-gradient":""},"mobile":{"background-color":"var(--ast-global-color-4)","background-image":"","background-repeat":"repeat","background-position":"center center","background-size":"auto","background-attachment":"scroll","background-type":"","background-media":"","overlay-type":"","overlay-color":"","overlay-opacity":"","overlay-gradient":""}},"_joinchat":[],"footnotes":""},"class_list":["post-1134","page","type-page","status-publish","hentry"],"yoast_head":"<!-- This site is optimized with the Yoast SEO plugin v27.2 - https:\/\/yoast.com\/product\/yoast-seo-wordpress\/ -->\n<title>Pol\u00edticas de Privacidad - Gatti &amp; Asociados<\/title>\n<meta name=\"robots\" content=\"index, follow, max-snippet:-1, max-image-preview:large, max-video-preview:-1\" \/>\n<link rel=\"canonical\" href=\"https:\/\/gattiasoc.com.ar\/pt\/politicas-de-privacidad\/\" \/>\n<meta property=\"og:locale\" content=\"pt_BR\" \/>\n<meta property=\"og:type\" content=\"article\" \/>\n<meta property=\"og:title\" content=\"Pol\u00edticas de Privacidad - Gatti &amp; Asociados\" \/>\n<meta property=\"og:description\" content=\"Pol\u00edtica de Privacidad Gatti entiende que la seguridad de los datos de nuestros clientes es de vital importancia y privacidad. [&hellip;]\" \/>\n<meta property=\"og:url\" content=\"https:\/\/gattiasoc.com.ar\/pt\/politicas-de-privacidad\/\" \/>\n<meta property=\"og:site_name\" content=\"Gatti &amp; Asociados\" \/>\n<meta property=\"article:modified_time\" content=\"2026-03-07T23:25:22+00:00\" \/>\n<meta name=\"twitter:card\" content=\"summary_large_image\" \/>\n<meta name=\"twitter:label1\" content=\"Est. tempo de leitura\" \/>\n\t<meta name=\"twitter:data1\" content=\"1 minuto\" \/>\n<script type=\"application\/ld+json\" class=\"yoast-schema-graph\">{\"@context\":\"https:\/\/schema.org\",\"@graph\":[{\"@type\":\"WebPage\",\"@id\":\"https:\/\/gattiasoc.com.ar\/politicas-de-privacidad\/\",\"url\":\"https:\/\/gattiasoc.com.ar\/politicas-de-privacidad\/\",\"name\":\"Pol\u00edticas de Privacidad - Gatti &amp; Asociados\",\"isPartOf\":{\"@id\":\"https:\/\/gattiasoc.com.ar\/#website\"},\"datePublished\":\"2026-03-07T23:23:54+00:00\",\"dateModified\":\"2026-03-07T23:25:22+00:00\",\"breadcrumb\":{\"@id\":\"https:\/\/gattiasoc.com.ar\/politicas-de-privacidad\/#breadcrumb\"},\"inLanguage\":\"pt-BR\",\"potentialAction\":[{\"@type\":\"ReadAction\",\"target\":[\"https:\/\/gattiasoc.com.ar\/politicas-de-privacidad\/\"]}]},{\"@type\":\"BreadcrumbList\",\"@id\":\"https:\/\/gattiasoc.com.ar\/politicas-de-privacidad\/#breadcrumb\",\"itemListElement\":[{\"@type\":\"ListItem\",\"position\":1,\"name\":\"Portada\",\"item\":\"https:\/\/gattiasoc.com.ar\/\"},{\"@type\":\"ListItem\",\"position\":2,\"name\":\"Pol\u00edticas de Privacidad\"}]},{\"@type\":\"WebSite\",\"@id\":\"https:\/\/gattiasoc.com.ar\/#website\",\"url\":\"https:\/\/gattiasoc.com.ar\/\",\"name\":\"Gatti & Asociados\",\"description\":\"Marcas y Patentes\",\"publisher\":{\"@id\":\"https:\/\/gattiasoc.com.ar\/#organization\"},\"potentialAction\":[{\"@type\":\"SearchAction\",\"target\":{\"@type\":\"EntryPoint\",\"urlTemplate\":\"https:\/\/gattiasoc.com.ar\/?s={search_term_string}\"},\"query-input\":{\"@type\":\"PropertyValueSpecification\",\"valueRequired\":true,\"valueName\":\"search_term_string\"}}],\"inLanguage\":\"pt-BR\"},{\"@type\":\"Organization\",\"@id\":\"https:\/\/gattiasoc.com.ar\/#organization\",\"name\":\"Gatti & Asociados\",\"url\":\"https:\/\/gattiasoc.com.ar\/\",\"logo\":{\"@type\":\"ImageObject\",\"inLanguage\":\"pt-BR\",\"@id\":\"https:\/\/gattiasoc.com.ar\/#\/schema\/logo\/image\/\",\"url\":\"https:\/\/gattiasoc.com.ar\/wp-content\/uploads\/2025\/03\/logo-gatti-1.png\",\"contentUrl\":\"https:\/\/gattiasoc.com.ar\/wp-content\/uploads\/2025\/03\/logo-gatti-1.png\",\"width\":226,\"height\":112,\"caption\":\"Gatti & Asociados\"},\"image\":{\"@id\":\"https:\/\/gattiasoc.com.ar\/#\/schema\/logo\/image\/\"},\"sameAs\":[\"https:\/\/www.linkedin.com\/company\/gatti-marcas-y-patentes\/?trk=biz-companies-cym\"]}]}<\/script>\n<!-- \/ Yoast SEO plugin. -->","yoast_head_json":{"title":"Pol\u00edticas de Privacidad - Gatti &amp; Asociados","robots":{"index":"index","follow":"follow","max-snippet":"max-snippet:-1","max-image-preview":"max-image-preview:large","max-video-preview":"max-video-preview:-1"},"canonical":"https:\/\/gattiasoc.com.ar\/pt\/politicas-de-privacidad\/","og_locale":"pt_BR","og_type":"article","og_title":"Pol\u00edticas de Privacidad - Gatti &amp; Asociados","og_description":"Pol\u00edtica de Privacidad Gatti entiende que la seguridad de los datos de nuestros clientes es de vital importancia y privacidad. [&hellip;]","og_url":"https:\/\/gattiasoc.com.ar\/pt\/politicas-de-privacidad\/","og_site_name":"Gatti &amp; Asociados","article_modified_time":"2026-03-07T23:25:22+00:00","twitter_card":"summary_large_image","twitter_misc":{"Est. tempo de leitura":"1 minuto"},"schema":{"@context":"https:\/\/schema.org","@graph":[{"@type":"WebPage","@id":"https:\/\/gattiasoc.com.ar\/politicas-de-privacidad\/","url":"https:\/\/gattiasoc.com.ar\/politicas-de-privacidad\/","name":"Pol\u00edticas de Privacidad - Gatti &amp; Asociados","isPartOf":{"@id":"https:\/\/gattiasoc.com.ar\/#website"},"datePublished":"2026-03-07T23:23:54+00:00","dateModified":"2026-03-07T23:25:22+00:00","breadcrumb":{"@id":"https:\/\/gattiasoc.com.ar\/politicas-de-privacidad\/#breadcrumb"},"inLanguage":"pt-BR","potentialAction":[{"@type":"ReadAction","target":["https:\/\/gattiasoc.com.ar\/politicas-de-privacidad\/"]}]},{"@type":"BreadcrumbList","@id":"https:\/\/gattiasoc.com.ar\/politicas-de-privacidad\/#breadcrumb","itemListElement":[{"@type":"ListItem","position":1,"name":"Portada","item":"https:\/\/gattiasoc.com.ar\/"},{"@type":"ListItem","position":2,"name":"Pol\u00edticas de Privacidad"}]},{"@type":"WebSite","@id":"https:\/\/gattiasoc.com.ar\/#website","url":"https:\/\/gattiasoc.com.ar\/","name":"Gatti e Associados","description":"Marcas registradas e patentes","publisher":{"@id":"https:\/\/gattiasoc.com.ar\/#organization"},"potentialAction":[{"@type":"SearchAction","target":{"@type":"EntryPoint","urlTemplate":"https:\/\/gattiasoc.com.ar\/?s={search_term_string}"},"query-input":{"@type":"PropertyValueSpecification","valueRequired":true,"valueName":"search_term_string"}}],"inLanguage":"pt-BR"},{"@type":"Organization","@id":"https:\/\/gattiasoc.com.ar\/#organization","name":"Gatti e Associados","url":"https:\/\/gattiasoc.com.ar\/","logo":{"@type":"ImageObject","inLanguage":"pt-BR","@id":"https:\/\/gattiasoc.com.ar\/#\/schema\/logo\/image\/","url":"https:\/\/gattiasoc.com.ar\/wp-content\/uploads\/2025\/03\/logo-gatti-1.png","contentUrl":"https:\/\/gattiasoc.com.ar\/wp-content\/uploads\/2025\/03\/logo-gatti-1.png","width":226,"height":112,"caption":"Gatti & Asociados"},"image":{"@id":"https:\/\/gattiasoc.com.ar\/#\/schema\/logo\/image\/"},"sameAs":["https:\/\/www.linkedin.com\/company\/gatti-marcas-y-patentes\/?trk=biz-companies-cym"]}]}},"_links":{"self":[{"href":"https:\/\/gattiasoc.com.ar\/pt\/wp-json\/wp\/v2\/pages\/1134","targetHints":{"allow":["GET"]}}],"collection":[{"href":"https:\/\/gattiasoc.com.ar\/pt\/wp-json\/wp\/v2\/pages"}],"about":[{"href":"https:\/\/gattiasoc.com.ar\/pt\/wp-json\/wp\/v2\/types\/page"}],"author":[{"embeddable":true,"href":"https:\/\/gattiasoc.com.ar\/pt\/wp-json\/wp\/v2\/users\/2"}],"replies":[{"embeddable":true,"href":"https:\/\/gattiasoc.com.ar\/pt\/wp-json\/wp\/v2\/comments?post=1134"}],"version-history":[{"count":7,"href":"https:\/\/gattiasoc.com.ar\/pt\/wp-json\/wp\/v2\/pages\/1134\/revisions"}],"predecessor-version":[{"id":1141,"href":"https:\/\/gattiasoc.com.ar\/pt\/wp-json\/wp\/v2\/pages\/1134\/revisions\/1141"}],"wp:attachment":[{"href":"https:\/\/gattiasoc.com.ar\/pt\/wp-json\/wp\/v2\/media?parent=1134"}],"curies":[{"name":"wp","href":"https:\/\/api.w.org\/{rel}","templated":true}]}}