{"id":375,"date":"2025-03-18T20:34:55","date_gmt":"2025-03-18T20:34:55","guid":{"rendered":"https:\/\/gattiasoc.com.ar\/?page_id=375"},"modified":"2026-03-10T20:46:17","modified_gmt":"2026-03-10T20:46:17","slug":"auditoria-de-marca","status":"publish","type":"page","link":"https:\/\/gattiasoc.com.ar\/pt\/marcas\/auditoria-de-marcas\/","title":{"rendered":"Auditoria de marcas registradas"},"content":{"rendered":"<div data-elementor-type=\"wp-page\" data-elementor-id=\"375\" class=\"elementor elementor-375\">\n\t\t\t\t<div class=\"elementor-element elementor-element-e3008d3 e-flex e-con-boxed e-con e-parent\" data-id=\"e3008d3\" data-element_type=\"container\" data-e-type=\"container\" data-settings=\"{&quot;background_background&quot;:&quot;classic&quot;}\">\n\t\t\t\t\t<div class=\"e-con-inner\">\n\t\t<div class=\"elementor-element elementor-element-c8b2d94 e-con-full e-flex e-con e-child\" data-id=\"c8b2d94\" data-element_type=\"container\" data-e-type=\"container\">\n\t\t\t\t<div class=\"elementor-element elementor-element-24c4348 elementor-invisible elementor-widget elementor-widget-heading\" data-id=\"24c4348\" data-element_type=\"widget\" data-e-type=\"widget\" data-settings=\"{&quot;_animation&quot;:&quot;fadeInLeft&quot;}\" data-widget_type=\"heading.default\">\n\t\t\t\t<div class=\"elementor-widget-container\">\n\t\t\t\t\t<h1 class=\"elementor-heading-title elementor-size-default\">Auditoria de marca<\/h1>\t\t\t\t<\/div>\n\t\t\t\t<\/div>\n\t\t\t\t<\/div>\n\t\t\t\t\t<\/div>\n\t\t\t\t<\/div>\n\t\t<div class=\"elementor-element elementor-element-b874e6a e-flex e-con-boxed e-con e-parent\" data-id=\"b874e6a\" data-element_type=\"container\" data-e-type=\"container\">\n\t\t\t\t\t<div class=\"e-con-inner\">\n\t\t<div class=\"elementor-element elementor-element-5b82646 e-con-full e-flex e-con e-child\" data-id=\"5b82646\" data-element_type=\"container\" data-e-type=\"container\">\n\t\t\t\t<div class=\"elementor-element elementor-element-b1d54c4 elementor-widget elementor-widget-text-editor\" data-id=\"b1d54c4\" data-element_type=\"widget\" data-e-type=\"widget\" data-widget_type=\"text-editor.default\">\n\t\t\t\t<div class=\"elementor-widget-container\">\n\t\t\t\t\t\t\t\t\t<p>A propriedade industrial \u00e9 um ativo intang\u00edvel que, \u00e0s vezes, pode ser o ativo mais valioso que se possui, mais valioso at\u00e9 do que o restante dos ativos que fazem parte do invent\u00e1rio da empresa. Basta pensar nas grandes empresas virtuais, como mecanismos de busca e servidores, onde seu maior capital est\u00e1 em suas marcas registradas e patentes.<\/p><p>A auditoria peri\u00f3dica em uma empresa \u00e9 muito \u00fatil para detectar elementos subutilizados e para detectar todos os ativos que devem ser registrados para prote\u00e7\u00e3o abrangente. Tamb\u00e9m \u00e9 necess\u00e1rio verificar se todos os registros est\u00e3o em vigor e se abrangem os produtos ou servi\u00e7os adequados. As datas de expira\u00e7\u00e3o tamb\u00e9m s\u00e3o verificadas e as possibilidades de poss\u00edveis renova\u00e7\u00f5es s\u00e3o estudadas.<\/p><p>Todo esse trabalho fornece informa\u00e7\u00f5es vitais e necess\u00e1rias para a elabora\u00e7\u00e3o de estrat\u00e9gias para melhorar a posi\u00e7\u00e3o no mercado e para organizar a opera\u00e7\u00e3o da empresa.<\/p><p>As prote\u00e7\u00f5es internacionais tamb\u00e9m s\u00e3o revisadas para garantir que estejam adequadamente protegidas em todos os pa\u00edses em que a marca registrada est\u00e1 sendo comercializada. Esse trabalho os protege de poss\u00edveis c\u00f3pias ou conflitos de interesse com outros propriet\u00e1rios de marcas registradas. \u00c9 tamb\u00e9m um pr\u00e9-requisito para o licenciamento da marca para representantes e distribuidores.<\/p><p>\u00c9 o momento da auditoria em que tamb\u00e9m pode ser detectado que a pr\u00f3pria marca registrada n\u00e3o est\u00e1 mais em uso e n\u00e3o gera nenhum lucro. Esse \u00e9 um caso ideal para tentar licenciar ou vender essa marca registrada para gerar renda.<\/p>\t\t\t\t\t\t\t\t<\/div>\n\t\t\t\t<\/div>\n\t\t\t\t<\/div>\n\t\t<div class=\"elementor-element elementor-element-331725c e-con-full e-flex e-con e-child\" data-id=\"331725c\" data-element_type=\"container\" data-e-type=\"container\">\n\t\t\t\t<div class=\"elementor-element elementor-element-4d44e10 elementor-widget elementor-widget-image\" data-id=\"4d44e10\" data-element_type=\"widget\" data-e-type=\"widget\" data-widget_type=\"image.default\">\n\t\t\t\t<div class=\"elementor-widget-container\">\n\t\t\t\t\t\t\t\t\t\t\t\t<figure class=\"wp-caption\">\n\t\t\t\t\t\t\t\t\t\t<img fetchpriority=\"high\" decoding=\"async\" width=\"404\" height=\"285\" src=\"https:\/\/gattiasoc.com.ar\/wp-content\/uploads\/2025\/03\/Auditoria-de-Marcas-1.png\" class=\"attachment-large size-large wp-image-537\" alt=\"Auditoria de marcas registradas\" srcset=\"https:\/\/gattiasoc.com.ar\/wp-content\/uploads\/2025\/03\/Auditoria-de-Marcas-1.png 404w, https:\/\/gattiasoc.com.ar\/wp-content\/uploads\/2025\/03\/Auditoria-de-Marcas-1-300x212.png 300w\" sizes=\"(max-width: 404px) 100vw, 404px\" \/>\t\t\t\t\t\t\t\t\t\t\t<figcaption class=\"widget-image-caption wp-caption-text\">Auditoria de marcas registradas\n<\/figcaption>\n\t\t\t\t\t\t\t\t\t\t<\/figure>\n\t\t\t\t\t\t\t\t\t<\/div>\n\t\t\t\t<\/div>\n\t\t<div class=\"elementor-element elementor-element-0b930f6 e-con-full e-flex e-con e-child\" data-id=\"0b930f6\" data-element_type=\"container\" data-e-type=\"container\" data-settings=\"{&quot;background_background&quot;:&quot;classic&quot;}\">\n\t\t\t\t<div class=\"elementor-element elementor-element-5fc1ade elementor-widget elementor-widget-heading\" data-id=\"5fc1ade\" data-element_type=\"widget\" data-e-type=\"widget\" data-widget_type=\"heading.default\">\n\t\t\t\t<div class=\"elementor-widget-container\">\n\t\t\t\t\t<h3 class=\"elementor-heading-title elementor-size-default\">Servi\u00e7os<\/h3>\t\t\t\t<\/div>\n\t\t\t\t<\/div>\n\t\t\t\t<div class=\"elementor-element elementor-element-77e33b3 elementor-icon-list--layout-traditional elementor-list-item-link-full_width elementor-widget elementor-widget-icon-list\" data-id=\"77e33b3\" data-element_type=\"widget\" data-e-type=\"widget\" data-widget_type=\"icon-list.default\">\n\t\t\t\t<div class=\"elementor-widget-container\">\n\t\t\t\t\t\t\t<ul class=\"elementor-icon-list-items\">\n\t\t\t\t\t\t\t<li class=\"elementor-icon-list-item\">\n\t\t\t\t\t\t\t\t\t\t\t<a href=\"\/pt\/marcas\/registro-de-marca\/\">\n\n\t\t\t\t\t\t\t\t\t\t\t\t<span class=\"elementor-icon-list-icon\">\n\t\t\t\t\t\t\t<svg aria-hidden=\"true\" class=\"e-font-icon-svg e-fas-check\" viewbox=\"0 0 512 512\" xmlns=\"http:\/\/www.w3.org\/2000\/svg\"><path d=\"M173.898 439.404l-166.4-166.4c-9.997-9.997-9.997-26.206 0-36.204l36.203-36.204c9.997-9.998 26.207-9.998 36.204 0L192 312.69 432.095 72.596c9.997-9.997 26.207-9.997 36.204 0l36.203 36.204c9.997 9.997 9.997 26.206 0 36.204l-294.4 294.401c-9.998 9.997-26.207 9.997-36.204-.001z\"><\/path><\/svg>\t\t\t\t\t\t<\/span>\n\t\t\t\t\t\t\t\t\t\t<span class=\"elementor-icon-list-text\">Registro de marca comercial<\/span>\n\t\t\t\t\t\t\t\t\t\t\t<\/a>\n\t\t\t\t\t\t\t\t\t<\/li>\n\t\t\t\t\t\t\t\t<li class=\"elementor-icon-list-item\">\n\t\t\t\t\t\t\t\t\t\t\t<a href=\"\/pt\/marcas\/marcas-no-exterior\/\">\n\n\t\t\t\t\t\t\t\t\t\t\t\t<span class=\"elementor-icon-list-icon\">\n\t\t\t\t\t\t\t<svg aria-hidden=\"true\" class=\"e-font-icon-svg e-fas-check\" viewbox=\"0 0 512 512\" xmlns=\"http:\/\/www.w3.org\/2000\/svg\"><path d=\"M173.898 439.404l-166.4-166.4c-9.997-9.997-9.997-26.206 0-36.204l36.203-36.204c9.997-9.998 26.207-9.998 36.204 0L192 312.69 432.095 72.596c9.997-9.997 26.207-9.997 36.204 0l36.203 36.204c9.997 9.997 9.997 26.206 0 36.204l-294.4 294.401c-9.998 9.997-26.207 9.997-36.204-.001z\"><\/path><\/svg>\t\t\t\t\t\t<\/span>\n\t\t\t\t\t\t\t\t\t\t<span class=\"elementor-icon-list-text\">Registro de marcas comerciais no exterior <\/span>\n\t\t\t\t\t\t\t\t\t\t\t<\/a>\n\t\t\t\t\t\t\t\t\t<\/li>\n\t\t\t\t\t\t\t\t<li class=\"elementor-icon-list-item\">\n\t\t\t\t\t\t\t\t\t\t\t<a href=\"\/pt\/marcas\/servicos-de-ip-global\/\">\n\n\t\t\t\t\t\t\t\t\t\t\t\t<span class=\"elementor-icon-list-icon\">\n\t\t\t\t\t\t\t<svg aria-hidden=\"true\" class=\"e-font-icon-svg e-fas-check\" viewbox=\"0 0 512 512\" xmlns=\"http:\/\/www.w3.org\/2000\/svg\"><path d=\"M173.898 439.404l-166.4-166.4c-9.997-9.997-9.997-26.206 0-36.204l36.203-36.204c9.997-9.998 26.207-9.998 36.204 0L192 312.69 432.095 72.596c9.997-9.997 26.207-9.997 36.204 0l36.203 36.204c9.997 9.997 9.997 26.206 0 36.204l-294.4 294.401c-9.998 9.997-26.207 9.997-36.204-.001z\"><\/path><\/svg>\t\t\t\t\t\t<\/span>\n\t\t\t\t\t\t\t\t\t\t<span class=\"elementor-icon-list-text\">Servi\u00e7os globais de IP <\/span>\n\t\t\t\t\t\t\t\t\t\t\t<\/a>\n\t\t\t\t\t\t\t\t\t<\/li>\n\t\t\t\t\t\t\t\t<li class=\"elementor-icon-list-item\">\n\t\t\t\t\t\t\t\t\t\t\t<a href=\"\/pt\/marcas\/auditoria-de-marca\/\">\n\n\t\t\t\t\t\t\t\t\t\t\t\t<span class=\"elementor-icon-list-icon\">\n\t\t\t\t\t\t\t<svg aria-hidden=\"true\" class=\"e-font-icon-svg e-fas-check\" viewbox=\"0 0 512 512\" xmlns=\"http:\/\/www.w3.org\/2000\/svg\"><path d=\"M173.898 439.404l-166.4-166.4c-9.997-9.997-9.997-26.206 0-36.204l36.203-36.204c9.997-9.998 26.207-9.998 36.204 0L192 312.69 432.095 72.596c9.997-9.997 26.207-9.997 36.204 0l36.203 36.204c9.997 9.997 9.997 26.206 0 36.204l-294.4 294.401c-9.998 9.997-26.207 9.997-36.204-.001z\"><\/path><\/svg>\t\t\t\t\t\t<\/span>\n\t\t\t\t\t\t\t\t\t\t<span class=\"elementor-icon-list-text\">Auditoria de marca <\/span>\n\t\t\t\t\t\t\t\t\t\t\t<\/a>\n\t\t\t\t\t\t\t\t\t<\/li>\n\t\t\t\t\t\t\t\t<li class=\"elementor-icon-list-item\">\n\t\t\t\t\t\t\t\t\t\t\t<a href=\"\/pt\/marcas\/due-diligence-de-avaliacao-de-marca\/\">\n\n\t\t\t\t\t\t\t\t\t\t\t\t<span class=\"elementor-icon-list-icon\">\n\t\t\t\t\t\t\t<svg aria-hidden=\"true\" class=\"e-font-icon-svg e-fas-check\" viewbox=\"0 0 512 512\" xmlns=\"http:\/\/www.w3.org\/2000\/svg\"><path d=\"M173.898 439.404l-166.4-166.4c-9.997-9.997-9.997-26.206 0-36.204l36.203-36.204c9.997-9.998 26.207-9.998 36.204 0L192 312.69 432.095 72.596c9.997-9.997 26.207-9.997 36.204 0l36.203 36.204c9.997 9.997 9.997 26.206 0 36.204l-294.4 294.401c-9.998 9.997-26.207 9.997-36.204-.001z\"><\/path><\/svg>\t\t\t\t\t\t<\/span>\n\t\t\t\t\t\t\t\t\t\t<span class=\"elementor-icon-list-text\">Avalia\u00e7\u00e3o da marca - Due Diligence <\/span>\n\t\t\t\t\t\t\t\t\t\t\t<\/a>\n\t\t\t\t\t\t\t\t\t<\/li>\n\t\t\t\t\t\t\t\t<li class=\"elementor-icon-list-item\">\n\t\t\t\t\t\t\t\t\t\t\t<a href=\"\/pt\/marcas\/registro-aduaneiro-de-marcas-comerciais\/\">\n\n\t\t\t\t\t\t\t\t\t\t\t\t<span class=\"elementor-icon-list-icon\">\n\t\t\t\t\t\t\t<svg aria-hidden=\"true\" class=\"e-font-icon-svg e-fas-check\" viewbox=\"0 0 512 512\" xmlns=\"http:\/\/www.w3.org\/2000\/svg\"><path d=\"M173.898 439.404l-166.4-166.4c-9.997-9.997-9.997-26.206 0-36.204l36.203-36.204c9.997-9.998 26.207-9.998 36.204 0L192 312.69 432.095 72.596c9.997-9.997 26.207-9.997 36.204 0l36.203 36.204c9.997 9.997 9.997 26.206 0 36.204l-294.4 294.401c-9.998 9.997-26.207 9.997-36.204-.001z\"><\/path><\/svg>\t\t\t\t\t\t<\/span>\n\t\t\t\t\t\t\t\t\t\t<span class=\"elementor-icon-list-text\">Registro de marcas comerciais na alf\u00e2ndega <\/span>\n\t\t\t\t\t\t\t\t\t\t\t<\/a>\n\t\t\t\t\t\t\t\t\t<\/li>\n\t\t\t\t\t\t\t\t<li class=\"elementor-icon-list-item\">\n\t\t\t\t\t\t\t\t\t\t\t<a href=\"\/pt\/marcas\/registro-de-imagem-trade-dress\/\">\n\n\t\t\t\t\t\t\t\t\t\t\t\t<span class=\"elementor-icon-list-icon\">\n\t\t\t\t\t\t\t<svg aria-hidden=\"true\" class=\"e-font-icon-svg e-fas-check\" viewbox=\"0 0 512 512\" xmlns=\"http:\/\/www.w3.org\/2000\/svg\"><path d=\"M173.898 439.404l-166.4-166.4c-9.997-9.997-9.997-26.206 0-36.204l36.203-36.204c9.997-9.998 26.207-9.998 36.204 0L192 312.69 432.095 72.596c9.997-9.997 26.207-9.997 36.204 0l36.203 36.204c9.997 9.997 9.997 26.206 0 36.204l-294.4 294.401c-9.998 9.997-26.207 9.997-36.204-.001z\"><\/path><\/svg>\t\t\t\t\t\t<\/span>\n\t\t\t\t\t\t\t\t\t\t<span class=\"elementor-icon-list-text\">Registro de imagem comercial<\/span>\n\t\t\t\t\t\t\t\t\t\t\t<\/a>\n\t\t\t\t\t\t\t\t\t<\/li>\n\t\t\t\t\t\t<\/ul>\n\t\t\t\t\t\t<\/div>\n\t\t\t\t<\/div>\n\t\t\t\t<\/div>\n\t\t\t\t<\/div>\n\t\t\t\t\t<\/div>\n\t\t\t\t<\/div>\n\t\t\t\t<\/div>","protected":false},"excerpt":{"rendered":"<p>Auditor\u00eda de Marcas La Propiedad Industrial es un activo intangible, que en ocasiones, puede ser el m\u00e1s valioso que se [&hellip;]<\/p>\n","protected":false},"author":2,"featured_media":0,"parent":135,"menu_order":0,"comment_status":"closed","ping_status":"closed","template":"","meta":{"site-sidebar-layout":"no-sidebar","site-content-layout":"","ast-site-content-layout":"full-width-container","site-content-style":"default","site-sidebar-style":"default","ast-global-header-display":"","ast-banner-title-visibility":"","ast-main-header-display":"","ast-hfb-above-header-display":"","ast-hfb-below-header-display":"","ast-hfb-mobile-header-display":"","site-post-title":"disabled","ast-breadcrumbs-content":"","ast-featured-img":"disabled","footer-sml-layout":"","ast-disable-related-posts":"","theme-transparent-header-meta":"","adv-header-id-meta":"","stick-header-meta":"","header-above-stick-meta":"","header-main-stick-meta":"","header-below-stick-meta":"","astra-migrate-meta-layouts":"default","ast-page-background-enabled":"default","ast-page-background-meta":{"desktop":{"background-color":"var(--ast-global-color-5)","background-image":"","background-repeat":"repeat","background-position":"center center","background-size":"auto","background-attachment":"scroll","background-type":"","background-media":"","overlay-type":"","overlay-color":"","overlay-opacity":"","overlay-gradient":""},"tablet":{"background-color":"","background-image":"","background-repeat":"repeat","background-position":"center center","background-size":"auto","background-attachment":"scroll","background-type":"","background-media":"","overlay-type":"","overlay-color":"","overlay-opacity":"","overlay-gradient":""},"mobile":{"background-color":"","background-image":"","background-repeat":"repeat","background-position":"center center","background-size":"auto","background-attachment":"scroll","background-type":"","background-media":"","overlay-type":"","overlay-color":"","overlay-opacity":"","overlay-gradient":""}},"ast-content-background-meta":{"desktop":{"background-color":"var(--ast-global-color-4)","background-image":"","background-repeat":"repeat","background-position":"center center","background-size":"auto","background-attachment":"scroll","background-type":"","background-media":"","overlay-type":"","overlay-color":"","overlay-opacity":"","overlay-gradient":""},"tablet":{"background-color":"var(--ast-global-color-4)","background-image":"","background-repeat":"repeat","background-position":"center center","background-size":"auto","background-attachment":"scroll","background-type":"","background-media":"","overlay-type":"","overlay-color":"","overlay-opacity":"","overlay-gradient":""},"mobile":{"background-color":"var(--ast-global-color-4)","background-image":"","background-repeat":"repeat","background-position":"center center","background-size":"auto","background-attachment":"scroll","background-type":"","background-media":"","overlay-type":"","overlay-color":"","overlay-opacity":"","overlay-gradient":""}},"_joinchat":[],"footnotes":""},"class_list":["post-375","page","type-page","status-publish","hentry"],"yoast_head":"<!-- This site is optimized with the Yoast SEO plugin v27.3 - https:\/\/yoast.com\/product\/yoast-seo-wordpress\/ -->\n<title>Auditoria de Marcas - Gatti &amp; Asociados<\/title>\n<meta name=\"robots\" content=\"index, follow, max-snippet:-1, max-image-preview:large, max-video-preview:-1\" \/>\n<link rel=\"canonical\" href=\"https:\/\/gattiasoc.com.ar\/pt\/marcas\/auditoria-de-marca\/\" \/>\n<meta property=\"og:locale\" content=\"pt_BR\" \/>\n<meta property=\"og:type\" content=\"article\" \/>\n<meta property=\"og:title\" content=\"Auditoria de Marcas - Gatti &amp; Asociados\" \/>\n<meta property=\"og:description\" content=\"Auditor\u00eda de Marcas La Propiedad Industrial es un activo intangible, que en ocasiones, puede ser el m\u00e1s valioso que se [&hellip;]\" \/>\n<meta property=\"og:url\" content=\"https:\/\/gattiasoc.com.ar\/pt\/marcas\/auditoria-de-marca\/\" \/>\n<meta property=\"og:site_name\" content=\"Gatti &amp; Asociados\" \/>\n<meta property=\"article:modified_time\" content=\"2026-03-10T20:46:17+00:00\" \/>\n<meta property=\"og:image\" content=\"https:\/\/gattiasoc.com.ar\/wp-content\/uploads\/2025\/03\/Auditoria-de-Marcas-1.png\" \/>\n\t<meta property=\"og:image:width\" content=\"404\" \/>\n\t<meta property=\"og:image:height\" content=\"285\" \/>\n\t<meta property=\"og:image:type\" content=\"image\/png\" \/>\n<meta name=\"twitter:card\" content=\"summary_large_image\" \/>\n<meta name=\"twitter:label1\" content=\"Est. tempo de leitura\" \/>\n\t<meta name=\"twitter:data1\" content=\"2 minutos\" \/>\n<script type=\"application\/ld+json\" class=\"yoast-schema-graph\">{\"@context\":\"https:\\\/\\\/schema.org\",\"@graph\":[{\"@type\":\"WebPage\",\"@id\":\"https:\\\/\\\/gattiasoc.com.ar\\\/marcas\\\/auditoria-de-marcas\\\/\",\"url\":\"https:\\\/\\\/gattiasoc.com.ar\\\/marcas\\\/auditoria-de-marcas\\\/\",\"name\":\"Auditoria de Marcas - Gatti &amp; Asociados\",\"isPartOf\":{\"@id\":\"https:\\\/\\\/gattiasoc.com.ar\\\/#website\"},\"primaryImageOfPage\":{\"@id\":\"https:\\\/\\\/gattiasoc.com.ar\\\/marcas\\\/auditoria-de-marcas\\\/#primaryimage\"},\"image\":{\"@id\":\"https:\\\/\\\/gattiasoc.com.ar\\\/marcas\\\/auditoria-de-marcas\\\/#primaryimage\"},\"thumbnailUrl\":\"https:\\\/\\\/gattiasoc.com.ar\\\/wp-content\\\/uploads\\\/2025\\\/03\\\/Auditoria-de-Marcas-1.png\",\"datePublished\":\"2025-03-18T20:34:55+00:00\",\"dateModified\":\"2026-03-10T20:46:17+00:00\",\"breadcrumb\":{\"@id\":\"https:\\\/\\\/gattiasoc.com.ar\\\/marcas\\\/auditoria-de-marcas\\\/#breadcrumb\"},\"inLanguage\":\"pt-BR\",\"potentialAction\":[{\"@type\":\"ReadAction\",\"target\":[\"https:\\\/\\\/gattiasoc.com.ar\\\/marcas\\\/auditoria-de-marcas\\\/\"]}]},{\"@type\":\"ImageObject\",\"inLanguage\":\"pt-BR\",\"@id\":\"https:\\\/\\\/gattiasoc.com.ar\\\/marcas\\\/auditoria-de-marcas\\\/#primaryimage\",\"url\":\"https:\\\/\\\/gattiasoc.com.ar\\\/wp-content\\\/uploads\\\/2025\\\/03\\\/Auditoria-de-Marcas-1.png\",\"contentUrl\":\"https:\\\/\\\/gattiasoc.com.ar\\\/wp-content\\\/uploads\\\/2025\\\/03\\\/Auditoria-de-Marcas-1.png\"},{\"@type\":\"BreadcrumbList\",\"@id\":\"https:\\\/\\\/gattiasoc.com.ar\\\/marcas\\\/auditoria-de-marcas\\\/#breadcrumb\",\"itemListElement\":[{\"@type\":\"ListItem\",\"position\":1,\"name\":\"Portada\",\"item\":\"https:\\\/\\\/gattiasoc.com.ar\\\/\"},{\"@type\":\"ListItem\",\"position\":2,\"name\":\"Marcas\",\"item\":\"https:\\\/\\\/gattiasoc.com.ar\\\/marcas\\\/\"},{\"@type\":\"ListItem\",\"position\":3,\"name\":\"Auditoria de Marcas\"}]},{\"@type\":\"WebSite\",\"@id\":\"https:\\\/\\\/gattiasoc.com.ar\\\/#website\",\"url\":\"https:\\\/\\\/gattiasoc.com.ar\\\/\",\"name\":\"Gatti & Asociados\",\"description\":\"Marcas y Patentes\",\"publisher\":{\"@id\":\"https:\\\/\\\/gattiasoc.com.ar\\\/#organization\"},\"potentialAction\":[{\"@type\":\"SearchAction\",\"target\":{\"@type\":\"EntryPoint\",\"urlTemplate\":\"https:\\\/\\\/gattiasoc.com.ar\\\/?s={search_term_string}\"},\"query-input\":{\"@type\":\"PropertyValueSpecification\",\"valueRequired\":true,\"valueName\":\"search_term_string\"}}],\"inLanguage\":\"pt-BR\"},{\"@type\":\"Organization\",\"@id\":\"https:\\\/\\\/gattiasoc.com.ar\\\/#organization\",\"name\":\"Gatti & Asociados\",\"url\":\"https:\\\/\\\/gattiasoc.com.ar\\\/\",\"logo\":{\"@type\":\"ImageObject\",\"inLanguage\":\"pt-BR\",\"@id\":\"https:\\\/\\\/gattiasoc.com.ar\\\/#\\\/schema\\\/logo\\\/image\\\/\",\"url\":\"https:\\\/\\\/gattiasoc.com.ar\\\/wp-content\\\/uploads\\\/2025\\\/03\\\/logo-gatti-1.png\",\"contentUrl\":\"https:\\\/\\\/gattiasoc.com.ar\\\/wp-content\\\/uploads\\\/2025\\\/03\\\/logo-gatti-1.png\",\"width\":226,\"height\":112,\"caption\":\"Gatti & Asociados\"},\"image\":{\"@id\":\"https:\\\/\\\/gattiasoc.com.ar\\\/#\\\/schema\\\/logo\\\/image\\\/\"},\"sameAs\":[\"https:\\\/\\\/www.linkedin.com\\\/company\\\/gatti-marcas-y-patentes\\\/?trk=biz-companies-cym\"]}]}<\/script>\n<!-- \/ Yoast SEO plugin. -->","yoast_head_json":{"title":"Auditoria de marcas registradas - Gatti &amp; Asociados","robots":{"index":"index","follow":"follow","max-snippet":"max-snippet:-1","max-image-preview":"max-image-preview:large","max-video-preview":"max-video-preview:-1"},"canonical":"https:\/\/gattiasoc.com.ar\/pt\/marcas\/auditoria-de-marca\/","og_locale":"pt_BR","og_type":"article","og_title":"Auditoria de Marcas - Gatti &amp; Asociados","og_description":"Auditor\u00eda de Marcas La Propiedad Industrial es un activo intangible, que en ocasiones, puede ser el m\u00e1s valioso que se [&hellip;]","og_url":"https:\/\/gattiasoc.com.ar\/pt\/marcas\/auditoria-de-marca\/","og_site_name":"Gatti &amp; Asociados","article_modified_time":"2026-03-10T20:46:17+00:00","og_image":[{"width":404,"height":285,"url":"https:\/\/gattiasoc.com.ar\/wp-content\/uploads\/2025\/03\/Auditoria-de-Marcas-1.png","type":"image\/png"}],"twitter_card":"summary_large_image","twitter_misc":{"Est. tempo de leitura":"2 minutos"},"schema":{"@context":"https:\/\/schema.org","@graph":[{"@type":"WebPage","@id":"https:\/\/gattiasoc.com.ar\/marcas\/auditoria-de-marcas\/","url":"https:\/\/gattiasoc.com.ar\/marcas\/auditoria-de-marcas\/","name":"Auditoria de marcas registradas - Gatti &amp; Asociados","isPartOf":{"@id":"https:\/\/gattiasoc.com.ar\/#website"},"primaryImageOfPage":{"@id":"https:\/\/gattiasoc.com.ar\/marcas\/auditoria-de-marcas\/#primaryimage"},"image":{"@id":"https:\/\/gattiasoc.com.ar\/marcas\/auditoria-de-marcas\/#primaryimage"},"thumbnailUrl":"https:\/\/gattiasoc.com.ar\/wp-content\/uploads\/2025\/03\/Auditoria-de-Marcas-1.png","datePublished":"2025-03-18T20:34:55+00:00","dateModified":"2026-03-10T20:46:17+00:00","breadcrumb":{"@id":"https:\/\/gattiasoc.com.ar\/marcas\/auditoria-de-marcas\/#breadcrumb"},"inLanguage":"pt-BR","potentialAction":[{"@type":"ReadAction","target":["https:\/\/gattiasoc.com.ar\/marcas\/auditoria-de-marcas\/"]}]},{"@type":"ImageObject","inLanguage":"pt-BR","@id":"https:\/\/gattiasoc.com.ar\/marcas\/auditoria-de-marcas\/#primaryimage","url":"https:\/\/gattiasoc.com.ar\/wp-content\/uploads\/2025\/03\/Auditoria-de-Marcas-1.png","contentUrl":"https:\/\/gattiasoc.com.ar\/wp-content\/uploads\/2025\/03\/Auditoria-de-Marcas-1.png"},{"@type":"BreadcrumbList","@id":"https:\/\/gattiasoc.com.ar\/marcas\/auditoria-de-marcas\/#breadcrumb","itemListElement":[{"@type":"ListItem","position":1,"name":"Portada","item":"https:\/\/gattiasoc.com.ar\/"},{"@type":"ListItem","position":2,"name":"Marcas","item":"https:\/\/gattiasoc.com.ar\/marcas\/"},{"@type":"ListItem","position":3,"name":"Auditoria de Marcas"}]},{"@type":"WebSite","@id":"https:\/\/gattiasoc.com.ar\/#website","url":"https:\/\/gattiasoc.com.ar\/","name":"Gatti e Associados","description":"Marcas registradas e patentes","publisher":{"@id":"https:\/\/gattiasoc.com.ar\/#organization"},"potentialAction":[{"@type":"SearchAction","target":{"@type":"EntryPoint","urlTemplate":"https:\/\/gattiasoc.com.ar\/?s={search_term_string}"},"query-input":{"@type":"PropertyValueSpecification","valueRequired":true,"valueName":"search_term_string"}}],"inLanguage":"pt-BR"},{"@type":"Organization","@id":"https:\/\/gattiasoc.com.ar\/#organization","name":"Gatti e Associados","url":"https:\/\/gattiasoc.com.ar\/","logo":{"@type":"ImageObject","inLanguage":"pt-BR","@id":"https:\/\/gattiasoc.com.ar\/#\/schema\/logo\/image\/","url":"https:\/\/gattiasoc.com.ar\/wp-content\/uploads\/2025\/03\/logo-gatti-1.png","contentUrl":"https:\/\/gattiasoc.com.ar\/wp-content\/uploads\/2025\/03\/logo-gatti-1.png","width":226,"height":112,"caption":"Gatti & Asociados"},"image":{"@id":"https:\/\/gattiasoc.com.ar\/#\/schema\/logo\/image\/"},"sameAs":["https:\/\/www.linkedin.com\/company\/gatti-marcas-y-patentes\/?trk=biz-companies-cym"]}]}},"_links":{"self":[{"href":"https:\/\/gattiasoc.com.ar\/pt\/wp-json\/wp\/v2\/pages\/375","targetHints":{"allow":["GET"]}}],"collection":[{"href":"https:\/\/gattiasoc.com.ar\/pt\/wp-json\/wp\/v2\/pages"}],"about":[{"href":"https:\/\/gattiasoc.com.ar\/pt\/wp-json\/wp\/v2\/types\/page"}],"author":[{"embeddable":true,"href":"https:\/\/gattiasoc.com.ar\/pt\/wp-json\/wp\/v2\/users\/2"}],"replies":[{"embeddable":true,"href":"https:\/\/gattiasoc.com.ar\/pt\/wp-json\/wp\/v2\/comments?post=375"}],"version-history":[{"count":25,"href":"https:\/\/gattiasoc.com.ar\/pt\/wp-json\/wp\/v2\/pages\/375\/revisions"}],"predecessor-version":[{"id":1710,"href":"https:\/\/gattiasoc.com.ar\/pt\/wp-json\/wp\/v2\/pages\/375\/revisions\/1710"}],"up":[{"embeddable":true,"href":"https:\/\/gattiasoc.com.ar\/pt\/wp-json\/wp\/v2\/pages\/135"}],"wp:attachment":[{"href":"https:\/\/gattiasoc.com.ar\/pt\/wp-json\/wp\/v2\/media?parent=375"}],"curies":[{"name":"wp","href":"https:\/\/api.w.org\/{rel}","templated":true}]}}