{"id":390,"date":"2025-03-18T20:37:20","date_gmt":"2025-03-18T20:37:20","guid":{"rendered":"https:\/\/gattiasoc.com.ar\/?page_id=390"},"modified":"2026-03-16T20:45:45","modified_gmt":"2026-03-16T20:45:45","slug":"registro-aduaneiro-de-marcas-comerciais","status":"publish","type":"page","link":"https:\/\/gattiasoc.com.ar\/pt\/marcas\/registro-de-marcas-en-aduana\/","title":{"rendered":"Registro de marcas comerciais na alf\u00e2ndega"},"content":{"rendered":"<div data-elementor-type=\"wp-page\" data-elementor-id=\"390\" class=\"elementor elementor-390\">\n\t\t\t\t<div class=\"elementor-element elementor-element-9179884 e-flex e-con-boxed e-con e-parent\" data-id=\"9179884\" data-element_type=\"container\" data-e-type=\"container\" data-settings=\"{&quot;background_background&quot;:&quot;classic&quot;}\">\n\t\t\t\t\t<div class=\"e-con-inner\">\n\t\t<div class=\"elementor-element elementor-element-016f44d e-con-full e-flex e-con e-child\" data-id=\"016f44d\" data-element_type=\"container\" data-e-type=\"container\">\n\t\t\t\t<div class=\"elementor-element elementor-element-5cbfa23 elementor-invisible elementor-widget elementor-widget-heading\" data-id=\"5cbfa23\" data-element_type=\"widget\" data-e-type=\"widget\" data-settings=\"{&quot;_animation&quot;:&quot;fadeInLeft&quot;}\" data-widget_type=\"heading.default\">\n\t\t\t\t<div class=\"elementor-widget-container\">\n\t\t\t\t\t<h1 class=\"elementor-heading-title elementor-size-default\">Registro de marcas comerciais na alf\u00e2ndega<\/h1>\t\t\t\t<\/div>\n\t\t\t\t<\/div>\n\t\t\t\t<\/div>\n\t\t\t\t\t<\/div>\n\t\t\t\t<\/div>\n\t\t<div class=\"elementor-element elementor-element-b874e6a e-flex e-con-boxed e-con e-parent\" data-id=\"b874e6a\" data-element_type=\"container\" data-e-type=\"container\">\n\t\t\t\t\t<div class=\"e-con-inner\">\n\t\t<div class=\"elementor-element elementor-element-5b82646 e-con-full e-flex e-con e-child\" data-id=\"5b82646\" data-element_type=\"container\" data-e-type=\"container\">\n\t\t\t\t<div class=\"elementor-element elementor-element-b1d54c4 elementor-widget elementor-widget-text-editor\" data-id=\"b1d54c4\" data-element_type=\"widget\" data-e-type=\"widget\" data-widget_type=\"text-editor.default\">\n\t\t\t\t<div class=\"elementor-widget-container\">\n\t\t\t\t\t\t\t\t\t<p>O aumento constante da pirataria, da fraude de marcas registradas, da falsifica\u00e7\u00e3o e da viola\u00e7\u00e3o dos direitos de propriedade intelectual constitui um verdadeiro flagelo que amea\u00e7a a economia privada e estatal, bem como, em alguns casos, a sa\u00fade e a vida dos habitantes do territ\u00f3rio nacional.<\/p><p>A Diretoria Geral de Alf\u00e2ndega, com a Divis\u00e3o de Fraude de Marcas Registradas, implementou o \u201c<a href=\"https:\/\/servicioscf.afip.gob.ar\/publico\/abc\/ABCpaso2.aspx?cat=556\" target=\"_blank\" rel=\"noopener\">Sistema de assentos de alerta<\/a>\u201dpara facilitar e agilizar a prote\u00e7\u00e3o de marcas registradas na Argentina.<\/p><p>Nosso escrit\u00f3rio tem uma equipe especializada para registrar marcas na alf\u00e2ndega e, em caso de alerta, proceder com a reten\u00e7\u00e3o da remessa, verifica\u00e7\u00e3o e, se a viola\u00e7\u00e3o da marca for confirmada, arbitrar os meios para realizar um poss\u00edvel lit\u00edgio.<\/p>\t\t\t\t\t\t\t\t<\/div>\n\t\t\t\t<\/div>\n\t\t\t\t<\/div>\n\t\t<div class=\"elementor-element elementor-element-331725c e-con-full e-flex e-con e-child\" data-id=\"331725c\" data-element_type=\"container\" data-e-type=\"container\">\n\t\t\t\t<div class=\"elementor-element elementor-element-4d44e10 elementor-widget elementor-widget-image\" data-id=\"4d44e10\" data-element_type=\"widget\" data-e-type=\"widget\" data-widget_type=\"image.default\">\n\t\t\t\t<div class=\"elementor-widget-container\">\n\t\t\t\t\t\t\t\t\t\t\t\t<figure class=\"wp-caption\">\n\t\t\t\t\t\t\t\t\t\t<img fetchpriority=\"high\" decoding=\"async\" width=\"404\" height=\"285\" src=\"https:\/\/gattiasoc.com.ar\/wp-content\/uploads\/2025\/03\/Registro-de-Marcas-en-Aduana-1.png\" class=\"attachment-large size-large wp-image-547\" alt=\"Registro de marcas comerciais na alf\u00e2ndega\" srcset=\"https:\/\/gattiasoc.com.ar\/wp-content\/uploads\/2025\/03\/Registro-de-Marcas-en-Aduana-1.png 404w, https:\/\/gattiasoc.com.ar\/wp-content\/uploads\/2025\/03\/Registro-de-Marcas-en-Aduana-1-300x212.png 300w\" sizes=\"(max-width: 404px) 100vw, 404px\" \/>\t\t\t\t\t\t\t\t\t\t\t<figcaption class=\"widget-image-caption wp-caption-text\">Registro de marcas comerciais na alf\u00e2ndega\n<\/figcaption>\n\t\t\t\t\t\t\t\t\t\t<\/figure>\n\t\t\t\t\t\t\t\t\t<\/div>\n\t\t\t\t<\/div>\n\t\t<div class=\"elementor-element elementor-element-137d0f6 e-con-full e-flex e-con e-child\" data-id=\"137d0f6\" data-element_type=\"container\" data-e-type=\"container\" data-settings=\"{&quot;background_background&quot;:&quot;classic&quot;}\">\n\t\t\t\t<div class=\"elementor-element elementor-element-641252f elementor-widget elementor-widget-heading\" data-id=\"641252f\" data-element_type=\"widget\" data-e-type=\"widget\" data-widget_type=\"heading.default\">\n\t\t\t\t<div class=\"elementor-widget-container\">\n\t\t\t\t\t<h3 class=\"elementor-heading-title elementor-size-default\">Servi\u00e7os<\/h3>\t\t\t\t<\/div>\n\t\t\t\t<\/div>\n\t\t\t\t<div class=\"elementor-element elementor-element-3a488ba elementor-icon-list--layout-traditional elementor-list-item-link-full_width elementor-widget elementor-widget-icon-list\" data-id=\"3a488ba\" data-element_type=\"widget\" data-e-type=\"widget\" data-widget_type=\"icon-list.default\">\n\t\t\t\t<div class=\"elementor-widget-container\">\n\t\t\t\t\t\t\t<ul class=\"elementor-icon-list-items\">\n\t\t\t\t\t\t\t<li class=\"elementor-icon-list-item\">\n\t\t\t\t\t\t\t\t\t\t\t<a href=\"\/pt\/marcas\/registro-de-marca\/\">\n\n\t\t\t\t\t\t\t\t\t\t\t\t<span class=\"elementor-icon-list-icon\">\n\t\t\t\t\t\t\t<svg aria-hidden=\"true\" class=\"e-font-icon-svg e-fas-check\" viewbox=\"0 0 512 512\" xmlns=\"http:\/\/www.w3.org\/2000\/svg\"><path d=\"M173.898 439.404l-166.4-166.4c-9.997-9.997-9.997-26.206 0-36.204l36.203-36.204c9.997-9.998 26.207-9.998 36.204 0L192 312.69 432.095 72.596c9.997-9.997 26.207-9.997 36.204 0l36.203 36.204c9.997 9.997 9.997 26.206 0 36.204l-294.4 294.401c-9.998 9.997-26.207 9.997-36.204-.001z\"><\/path><\/svg>\t\t\t\t\t\t<\/span>\n\t\t\t\t\t\t\t\t\t\t<span class=\"elementor-icon-list-text\">Registro de marca comercial<\/span>\n\t\t\t\t\t\t\t\t\t\t\t<\/a>\n\t\t\t\t\t\t\t\t\t<\/li>\n\t\t\t\t\t\t\t\t<li class=\"elementor-icon-list-item\">\n\t\t\t\t\t\t\t\t\t\t\t<a href=\"\/pt\/marcas\/marcas-no-exterior\/\">\n\n\t\t\t\t\t\t\t\t\t\t\t\t<span class=\"elementor-icon-list-icon\">\n\t\t\t\t\t\t\t<svg aria-hidden=\"true\" class=\"e-font-icon-svg e-fas-check\" viewbox=\"0 0 512 512\" xmlns=\"http:\/\/www.w3.org\/2000\/svg\"><path d=\"M173.898 439.404l-166.4-166.4c-9.997-9.997-9.997-26.206 0-36.204l36.203-36.204c9.997-9.998 26.207-9.998 36.204 0L192 312.69 432.095 72.596c9.997-9.997 26.207-9.997 36.204 0l36.203 36.204c9.997 9.997 9.997 26.206 0 36.204l-294.4 294.401c-9.998 9.997-26.207 9.997-36.204-.001z\"><\/path><\/svg>\t\t\t\t\t\t<\/span>\n\t\t\t\t\t\t\t\t\t\t<span class=\"elementor-icon-list-text\">Registro de marcas comerciais no exterior <\/span>\n\t\t\t\t\t\t\t\t\t\t\t<\/a>\n\t\t\t\t\t\t\t\t\t<\/li>\n\t\t\t\t\t\t\t\t<li class=\"elementor-icon-list-item\">\n\t\t\t\t\t\t\t\t\t\t\t<a href=\"\/pt\/marcas\/servicos-de-ip-global\/\">\n\n\t\t\t\t\t\t\t\t\t\t\t\t<span class=\"elementor-icon-list-icon\">\n\t\t\t\t\t\t\t<svg aria-hidden=\"true\" class=\"e-font-icon-svg e-fas-check\" viewbox=\"0 0 512 512\" xmlns=\"http:\/\/www.w3.org\/2000\/svg\"><path d=\"M173.898 439.404l-166.4-166.4c-9.997-9.997-9.997-26.206 0-36.204l36.203-36.204c9.997-9.998 26.207-9.998 36.204 0L192 312.69 432.095 72.596c9.997-9.997 26.207-9.997 36.204 0l36.203 36.204c9.997 9.997 9.997 26.206 0 36.204l-294.4 294.401c-9.998 9.997-26.207 9.997-36.204-.001z\"><\/path><\/svg>\t\t\t\t\t\t<\/span>\n\t\t\t\t\t\t\t\t\t\t<span class=\"elementor-icon-list-text\">Servi\u00e7os globais de IP <\/span>\n\t\t\t\t\t\t\t\t\t\t\t<\/a>\n\t\t\t\t\t\t\t\t\t<\/li>\n\t\t\t\t\t\t\t\t<li class=\"elementor-icon-list-item\">\n\t\t\t\t\t\t\t\t\t\t\t<a href=\"\/pt\/marcas\/auditoria-de-marca\/\">\n\n\t\t\t\t\t\t\t\t\t\t\t\t<span class=\"elementor-icon-list-icon\">\n\t\t\t\t\t\t\t<svg aria-hidden=\"true\" class=\"e-font-icon-svg e-fas-check\" viewbox=\"0 0 512 512\" xmlns=\"http:\/\/www.w3.org\/2000\/svg\"><path d=\"M173.898 439.404l-166.4-166.4c-9.997-9.997-9.997-26.206 0-36.204l36.203-36.204c9.997-9.998 26.207-9.998 36.204 0L192 312.69 432.095 72.596c9.997-9.997 26.207-9.997 36.204 0l36.203 36.204c9.997 9.997 9.997 26.206 0 36.204l-294.4 294.401c-9.998 9.997-26.207 9.997-36.204-.001z\"><\/path><\/svg>\t\t\t\t\t\t<\/span>\n\t\t\t\t\t\t\t\t\t\t<span class=\"elementor-icon-list-text\">Auditoria de marca <\/span>\n\t\t\t\t\t\t\t\t\t\t\t<\/a>\n\t\t\t\t\t\t\t\t\t<\/li>\n\t\t\t\t\t\t\t\t<li class=\"elementor-icon-list-item\">\n\t\t\t\t\t\t\t\t\t\t\t<a href=\"\/pt\/marcas\/due-diligence-de-avaliacao-de-marca\/\">\n\n\t\t\t\t\t\t\t\t\t\t\t\t<span class=\"elementor-icon-list-icon\">\n\t\t\t\t\t\t\t<svg aria-hidden=\"true\" class=\"e-font-icon-svg e-fas-check\" viewbox=\"0 0 512 512\" xmlns=\"http:\/\/www.w3.org\/2000\/svg\"><path d=\"M173.898 439.404l-166.4-166.4c-9.997-9.997-9.997-26.206 0-36.204l36.203-36.204c9.997-9.998 26.207-9.998 36.204 0L192 312.69 432.095 72.596c9.997-9.997 26.207-9.997 36.204 0l36.203 36.204c9.997 9.997 9.997 26.206 0 36.204l-294.4 294.401c-9.998 9.997-26.207 9.997-36.204-.001z\"><\/path><\/svg>\t\t\t\t\t\t<\/span>\n\t\t\t\t\t\t\t\t\t\t<span class=\"elementor-icon-list-text\">Avalia\u00e7\u00e3o da marca - Due Diligence <\/span>\n\t\t\t\t\t\t\t\t\t\t\t<\/a>\n\t\t\t\t\t\t\t\t\t<\/li>\n\t\t\t\t\t\t\t\t<li class=\"elementor-icon-list-item\">\n\t\t\t\t\t\t\t\t\t\t\t<a href=\"\/pt\/marcas\/registro-aduaneiro-de-marcas-comerciais\/\">\n\n\t\t\t\t\t\t\t\t\t\t\t\t<span class=\"elementor-icon-list-icon\">\n\t\t\t\t\t\t\t<svg aria-hidden=\"true\" class=\"e-font-icon-svg e-fas-check\" viewbox=\"0 0 512 512\" xmlns=\"http:\/\/www.w3.org\/2000\/svg\"><path d=\"M173.898 439.404l-166.4-166.4c-9.997-9.997-9.997-26.206 0-36.204l36.203-36.204c9.997-9.998 26.207-9.998 36.204 0L192 312.69 432.095 72.596c9.997-9.997 26.207-9.997 36.204 0l36.203 36.204c9.997 9.997 9.997 26.206 0 36.204l-294.4 294.401c-9.998 9.997-26.207 9.997-36.204-.001z\"><\/path><\/svg>\t\t\t\t\t\t<\/span>\n\t\t\t\t\t\t\t\t\t\t<span class=\"elementor-icon-list-text\">Registro de marcas comerciais na alf\u00e2ndega <\/span>\n\t\t\t\t\t\t\t\t\t\t\t<\/a>\n\t\t\t\t\t\t\t\t\t<\/li>\n\t\t\t\t\t\t\t\t<li class=\"elementor-icon-list-item\">\n\t\t\t\t\t\t\t\t\t\t\t<a href=\"\/pt\/marcas\/registro-de-imagem-trade-dress\/\">\n\n\t\t\t\t\t\t\t\t\t\t\t\t<span class=\"elementor-icon-list-icon\">\n\t\t\t\t\t\t\t<svg aria-hidden=\"true\" class=\"e-font-icon-svg e-fas-check\" viewbox=\"0 0 512 512\" xmlns=\"http:\/\/www.w3.org\/2000\/svg\"><path d=\"M173.898 439.404l-166.4-166.4c-9.997-9.997-9.997-26.206 0-36.204l36.203-36.204c9.997-9.998 26.207-9.998 36.204 0L192 312.69 432.095 72.596c9.997-9.997 26.207-9.997 36.204 0l36.203 36.204c9.997 9.997 9.997 26.206 0 36.204l-294.4 294.401c-9.998 9.997-26.207 9.997-36.204-.001z\"><\/path><\/svg>\t\t\t\t\t\t<\/span>\n\t\t\t\t\t\t\t\t\t\t<span class=\"elementor-icon-list-text\">Registro de imagem comercial<\/span>\n\t\t\t\t\t\t\t\t\t\t\t<\/a>\n\t\t\t\t\t\t\t\t\t<\/li>\n\t\t\t\t\t\t<\/ul>\n\t\t\t\t\t\t<\/div>\n\t\t\t\t<\/div>\n\t\t\t\t<\/div>\n\t\t\t\t<\/div>\n\t\t\t\t\t<\/div>\n\t\t\t\t<\/div>\n\t\t\t\t<\/div>","protected":false},"excerpt":{"rendered":"<p>Registro de Marcas en Aduana El constante incremento de los il\u00edcitos de pirater\u00eda, fraude marcario, falsificaci\u00f3n y lesi\u00f3n a los [&hellip;]<\/p>\n","protected":false},"author":2,"featured_media":0,"parent":135,"menu_order":0,"comment_status":"closed","ping_status":"closed","template":"","meta":{"site-sidebar-layout":"no-sidebar","site-content-layout":"","ast-site-content-layout":"full-width-container","site-content-style":"default","site-sidebar-style":"default","ast-global-header-display":"","ast-banner-title-visibility":"","ast-main-header-display":"","ast-hfb-above-header-display":"","ast-hfb-below-header-display":"","ast-hfb-mobile-header-display":"","site-post-title":"disabled","ast-breadcrumbs-content":"","ast-featured-img":"disabled","footer-sml-layout":"","ast-disable-related-posts":"","theme-transparent-header-meta":"","adv-header-id-meta":"","stick-header-meta":"","header-above-stick-meta":"","header-main-stick-meta":"","header-below-stick-meta":"","astra-migrate-meta-layouts":"default","ast-page-background-enabled":"default","ast-page-background-meta":{"desktop":{"background-color":"var(--ast-global-color-5)","background-image":"","background-repeat":"repeat","background-position":"center center","background-size":"auto","background-attachment":"scroll","background-type":"","background-media":"","overlay-type":"","overlay-color":"","overlay-opacity":"","overlay-gradient":""},"tablet":{"background-color":"","background-image":"","background-repeat":"repeat","background-position":"center center","background-size":"auto","background-attachment":"scroll","background-type":"","background-media":"","overlay-type":"","overlay-color":"","overlay-opacity":"","overlay-gradient":""},"mobile":{"background-color":"","background-image":"","background-repeat":"repeat","background-position":"center center","background-size":"auto","background-attachment":"scroll","background-type":"","background-media":"","overlay-type":"","overlay-color":"","overlay-opacity":"","overlay-gradient":""}},"ast-content-background-meta":{"desktop":{"background-color":"var(--ast-global-color-4)","background-image":"","background-repeat":"repeat","background-position":"center center","background-size":"auto","background-attachment":"scroll","background-type":"","background-media":"","overlay-type":"","overlay-color":"","overlay-opacity":"","overlay-gradient":""},"tablet":{"background-color":"var(--ast-global-color-4)","background-image":"","background-repeat":"repeat","background-position":"center center","background-size":"auto","background-attachment":"scroll","background-type":"","background-media":"","overlay-type":"","overlay-color":"","overlay-opacity":"","overlay-gradient":""},"mobile":{"background-color":"var(--ast-global-color-4)","background-image":"","background-repeat":"repeat","background-position":"center center","background-size":"auto","background-attachment":"scroll","background-type":"","background-media":"","overlay-type":"","overlay-color":"","overlay-opacity":"","overlay-gradient":""}},"_joinchat":[],"footnotes":""},"class_list":["post-390","page","type-page","status-publish","hentry"],"yoast_head":"<!-- This site is optimized with the Yoast SEO plugin v27.3 - https:\/\/yoast.com\/product\/yoast-seo-wordpress\/ -->\n<title>Registro de Marcas en Aduana - Gatti &amp; Asociados<\/title>\n<meta name=\"robots\" content=\"index, follow, max-snippet:-1, max-image-preview:large, max-video-preview:-1\" \/>\n<link rel=\"canonical\" href=\"https:\/\/gattiasoc.com.ar\/pt\/marcas\/registro-aduaneiro-de-marcas-comerciais\/\" \/>\n<meta property=\"og:locale\" content=\"pt_BR\" \/>\n<meta property=\"og:type\" content=\"article\" \/>\n<meta property=\"og:title\" content=\"Registro de Marcas en Aduana - Gatti &amp; Asociados\" \/>\n<meta property=\"og:description\" content=\"Registro de Marcas en Aduana El constante incremento de los il\u00edcitos de pirater\u00eda, fraude marcario, falsificaci\u00f3n y lesi\u00f3n a los [&hellip;]\" \/>\n<meta property=\"og:url\" content=\"https:\/\/gattiasoc.com.ar\/pt\/marcas\/registro-aduaneiro-de-marcas-comerciais\/\" \/>\n<meta property=\"og:site_name\" content=\"Gatti &amp; Asociados\" \/>\n<meta property=\"article:modified_time\" content=\"2026-03-16T20:45:45+00:00\" \/>\n<meta property=\"og:image\" content=\"https:\/\/gattiasoc.com.ar\/wp-content\/uploads\/2025\/03\/Registro-de-Marcas-en-Aduana-1.png\" \/>\n\t<meta property=\"og:image:width\" content=\"404\" \/>\n\t<meta property=\"og:image:height\" content=\"285\" \/>\n\t<meta property=\"og:image:type\" content=\"image\/png\" \/>\n<meta name=\"twitter:card\" content=\"summary_large_image\" \/>\n<meta name=\"twitter:label1\" content=\"Est. tempo de leitura\" \/>\n\t<meta name=\"twitter:data1\" content=\"1 minuto\" \/>\n<script type=\"application\/ld+json\" class=\"yoast-schema-graph\">{\"@context\":\"https:\\\/\\\/schema.org\",\"@graph\":[{\"@type\":\"WebPage\",\"@id\":\"https:\\\/\\\/gattiasoc.com.ar\\\/marcas\\\/registro-de-marcas-en-aduana\\\/\",\"url\":\"https:\\\/\\\/gattiasoc.com.ar\\\/marcas\\\/registro-de-marcas-en-aduana\\\/\",\"name\":\"Registro de Marcas en Aduana - Gatti &amp; Asociados\",\"isPartOf\":{\"@id\":\"https:\\\/\\\/gattiasoc.com.ar\\\/#website\"},\"primaryImageOfPage\":{\"@id\":\"https:\\\/\\\/gattiasoc.com.ar\\\/marcas\\\/registro-de-marcas-en-aduana\\\/#primaryimage\"},\"image\":{\"@id\":\"https:\\\/\\\/gattiasoc.com.ar\\\/marcas\\\/registro-de-marcas-en-aduana\\\/#primaryimage\"},\"thumbnailUrl\":\"https:\\\/\\\/gattiasoc.com.ar\\\/wp-content\\\/uploads\\\/2025\\\/03\\\/Registro-de-Marcas-en-Aduana-1.png\",\"datePublished\":\"2025-03-18T20:37:20+00:00\",\"dateModified\":\"2026-03-16T20:45:45+00:00\",\"breadcrumb\":{\"@id\":\"https:\\\/\\\/gattiasoc.com.ar\\\/marcas\\\/registro-de-marcas-en-aduana\\\/#breadcrumb\"},\"inLanguage\":\"pt-BR\",\"potentialAction\":[{\"@type\":\"ReadAction\",\"target\":[\"https:\\\/\\\/gattiasoc.com.ar\\\/marcas\\\/registro-de-marcas-en-aduana\\\/\"]}]},{\"@type\":\"ImageObject\",\"inLanguage\":\"pt-BR\",\"@id\":\"https:\\\/\\\/gattiasoc.com.ar\\\/marcas\\\/registro-de-marcas-en-aduana\\\/#primaryimage\",\"url\":\"https:\\\/\\\/gattiasoc.com.ar\\\/wp-content\\\/uploads\\\/2025\\\/03\\\/Registro-de-Marcas-en-Aduana-1.png\",\"contentUrl\":\"https:\\\/\\\/gattiasoc.com.ar\\\/wp-content\\\/uploads\\\/2025\\\/03\\\/Registro-de-Marcas-en-Aduana-1.png\"},{\"@type\":\"BreadcrumbList\",\"@id\":\"https:\\\/\\\/gattiasoc.com.ar\\\/marcas\\\/registro-de-marcas-en-aduana\\\/#breadcrumb\",\"itemListElement\":[{\"@type\":\"ListItem\",\"position\":1,\"name\":\"Portada\",\"item\":\"https:\\\/\\\/gattiasoc.com.ar\\\/\"},{\"@type\":\"ListItem\",\"position\":2,\"name\":\"Marcas\",\"item\":\"https:\\\/\\\/gattiasoc.com.ar\\\/marcas\\\/\"},{\"@type\":\"ListItem\",\"position\":3,\"name\":\"Registro de Marcas en Aduana\"}]},{\"@type\":\"WebSite\",\"@id\":\"https:\\\/\\\/gattiasoc.com.ar\\\/#website\",\"url\":\"https:\\\/\\\/gattiasoc.com.ar\\\/\",\"name\":\"Gatti & Asociados\",\"description\":\"Marcas y Patentes\",\"publisher\":{\"@id\":\"https:\\\/\\\/gattiasoc.com.ar\\\/#organization\"},\"potentialAction\":[{\"@type\":\"SearchAction\",\"target\":{\"@type\":\"EntryPoint\",\"urlTemplate\":\"https:\\\/\\\/gattiasoc.com.ar\\\/?s={search_term_string}\"},\"query-input\":{\"@type\":\"PropertyValueSpecification\",\"valueRequired\":true,\"valueName\":\"search_term_string\"}}],\"inLanguage\":\"pt-BR\"},{\"@type\":\"Organization\",\"@id\":\"https:\\\/\\\/gattiasoc.com.ar\\\/#organization\",\"name\":\"Gatti & Asociados\",\"url\":\"https:\\\/\\\/gattiasoc.com.ar\\\/\",\"logo\":{\"@type\":\"ImageObject\",\"inLanguage\":\"pt-BR\",\"@id\":\"https:\\\/\\\/gattiasoc.com.ar\\\/#\\\/schema\\\/logo\\\/image\\\/\",\"url\":\"https:\\\/\\\/gattiasoc.com.ar\\\/wp-content\\\/uploads\\\/2025\\\/03\\\/logo-gatti-1.png\",\"contentUrl\":\"https:\\\/\\\/gattiasoc.com.ar\\\/wp-content\\\/uploads\\\/2025\\\/03\\\/logo-gatti-1.png\",\"width\":226,\"height\":112,\"caption\":\"Gatti & Asociados\"},\"image\":{\"@id\":\"https:\\\/\\\/gattiasoc.com.ar\\\/#\\\/schema\\\/logo\\\/image\\\/\"},\"sameAs\":[\"https:\\\/\\\/www.linkedin.com\\\/company\\\/gatti-marcas-y-patentes\\\/?trk=biz-companies-cym\"]}]}<\/script>\n<!-- \/ Yoast SEO plugin. -->","yoast_head_json":{"title":"Registro de marcas na alf\u00e2ndega - Gatti &amp; Asociados","robots":{"index":"index","follow":"follow","max-snippet":"max-snippet:-1","max-image-preview":"max-image-preview:large","max-video-preview":"max-video-preview:-1"},"canonical":"https:\/\/gattiasoc.com.ar\/pt\/marcas\/registro-aduaneiro-de-marcas-comerciais\/","og_locale":"pt_BR","og_type":"article","og_title":"Registro de Marcas en Aduana - Gatti &amp; Asociados","og_description":"Registro de Marcas en Aduana El constante incremento de los il\u00edcitos de pirater\u00eda, fraude marcario, falsificaci\u00f3n y lesi\u00f3n a los [&hellip;]","og_url":"https:\/\/gattiasoc.com.ar\/pt\/marcas\/registro-aduaneiro-de-marcas-comerciais\/","og_site_name":"Gatti &amp; Asociados","article_modified_time":"2026-03-16T20:45:45+00:00","og_image":[{"width":404,"height":285,"url":"https:\/\/gattiasoc.com.ar\/wp-content\/uploads\/2025\/03\/Registro-de-Marcas-en-Aduana-1.png","type":"image\/png"}],"twitter_card":"summary_large_image","twitter_misc":{"Est. tempo de leitura":"1 minuto"},"schema":{"@context":"https:\/\/schema.org","@graph":[{"@type":"WebPage","@id":"https:\/\/gattiasoc.com.ar\/marcas\/registro-de-marcas-en-aduana\/","url":"https:\/\/gattiasoc.com.ar\/marcas\/registro-de-marcas-en-aduana\/","name":"Registro de marcas na alf\u00e2ndega - Gatti &amp; Asociados","isPartOf":{"@id":"https:\/\/gattiasoc.com.ar\/#website"},"primaryImageOfPage":{"@id":"https:\/\/gattiasoc.com.ar\/marcas\/registro-de-marcas-en-aduana\/#primaryimage"},"image":{"@id":"https:\/\/gattiasoc.com.ar\/marcas\/registro-de-marcas-en-aduana\/#primaryimage"},"thumbnailUrl":"https:\/\/gattiasoc.com.ar\/wp-content\/uploads\/2025\/03\/Registro-de-Marcas-en-Aduana-1.png","datePublished":"2025-03-18T20:37:20+00:00","dateModified":"2026-03-16T20:45:45+00:00","breadcrumb":{"@id":"https:\/\/gattiasoc.com.ar\/marcas\/registro-de-marcas-en-aduana\/#breadcrumb"},"inLanguage":"pt-BR","potentialAction":[{"@type":"ReadAction","target":["https:\/\/gattiasoc.com.ar\/marcas\/registro-de-marcas-en-aduana\/"]}]},{"@type":"ImageObject","inLanguage":"pt-BR","@id":"https:\/\/gattiasoc.com.ar\/marcas\/registro-de-marcas-en-aduana\/#primaryimage","url":"https:\/\/gattiasoc.com.ar\/wp-content\/uploads\/2025\/03\/Registro-de-Marcas-en-Aduana-1.png","contentUrl":"https:\/\/gattiasoc.com.ar\/wp-content\/uploads\/2025\/03\/Registro-de-Marcas-en-Aduana-1.png"},{"@type":"BreadcrumbList","@id":"https:\/\/gattiasoc.com.ar\/marcas\/registro-de-marcas-en-aduana\/#breadcrumb","itemListElement":[{"@type":"ListItem","position":1,"name":"Portada","item":"https:\/\/gattiasoc.com.ar\/"},{"@type":"ListItem","position":2,"name":"Marcas","item":"https:\/\/gattiasoc.com.ar\/marcas\/"},{"@type":"ListItem","position":3,"name":"Registro de Marcas en Aduana"}]},{"@type":"WebSite","@id":"https:\/\/gattiasoc.com.ar\/#website","url":"https:\/\/gattiasoc.com.ar\/","name":"Gatti e Associados","description":"Marcas registradas e patentes","publisher":{"@id":"https:\/\/gattiasoc.com.ar\/#organization"},"potentialAction":[{"@type":"SearchAction","target":{"@type":"EntryPoint","urlTemplate":"https:\/\/gattiasoc.com.ar\/?s={search_term_string}"},"query-input":{"@type":"PropertyValueSpecification","valueRequired":true,"valueName":"search_term_string"}}],"inLanguage":"pt-BR"},{"@type":"Organization","@id":"https:\/\/gattiasoc.com.ar\/#organization","name":"Gatti e Associados","url":"https:\/\/gattiasoc.com.ar\/","logo":{"@type":"ImageObject","inLanguage":"pt-BR","@id":"https:\/\/gattiasoc.com.ar\/#\/schema\/logo\/image\/","url":"https:\/\/gattiasoc.com.ar\/wp-content\/uploads\/2025\/03\/logo-gatti-1.png","contentUrl":"https:\/\/gattiasoc.com.ar\/wp-content\/uploads\/2025\/03\/logo-gatti-1.png","width":226,"height":112,"caption":"Gatti & Asociados"},"image":{"@id":"https:\/\/gattiasoc.com.ar\/#\/schema\/logo\/image\/"},"sameAs":["https:\/\/www.linkedin.com\/company\/gatti-marcas-y-patentes\/?trk=biz-companies-cym"]}]}},"_links":{"self":[{"href":"https:\/\/gattiasoc.com.ar\/pt\/wp-json\/wp\/v2\/pages\/390","targetHints":{"allow":["GET"]}}],"collection":[{"href":"https:\/\/gattiasoc.com.ar\/pt\/wp-json\/wp\/v2\/pages"}],"about":[{"href":"https:\/\/gattiasoc.com.ar\/pt\/wp-json\/wp\/v2\/types\/page"}],"author":[{"embeddable":true,"href":"https:\/\/gattiasoc.com.ar\/pt\/wp-json\/wp\/v2\/users\/2"}],"replies":[{"embeddable":true,"href":"https:\/\/gattiasoc.com.ar\/pt\/wp-json\/wp\/v2\/comments?post=390"}],"version-history":[{"count":19,"href":"https:\/\/gattiasoc.com.ar\/pt\/wp-json\/wp\/v2\/pages\/390\/revisions"}],"predecessor-version":[{"id":2052,"href":"https:\/\/gattiasoc.com.ar\/pt\/wp-json\/wp\/v2\/pages\/390\/revisions\/2052"}],"up":[{"embeddable":true,"href":"https:\/\/gattiasoc.com.ar\/pt\/wp-json\/wp\/v2\/pages\/135"}],"wp:attachment":[{"href":"https:\/\/gattiasoc.com.ar\/pt\/wp-json\/wp\/v2\/media?parent=390"}],"curies":[{"name":"wp","href":"https:\/\/api.w.org\/{rel}","templated":true}]}}